{"id":240,"date":"2025-09-22T09:20:09","date_gmt":"2025-09-22T09:20:09","guid":{"rendered":"https:\/\/wydawnictwocma.pl\/?post_type=product&#038;p=240"},"modified":"2025-10-25T04:09:51","modified_gmt":"2025-10-25T04:09:51","slug":"zwiazani-klatwa-zakladka-magnetyczna","status":"publish","type":"product","link":"https:\/\/wydawnictwocma.pl\/index.php\/product\/zwiazani-klatwa-zakladka-magnetyczna\/","title":{"rendered":"Zwi\u0105zani kl\u0105tw\u0105 zak\u0142adka magnetyczna"},"content":{"rendered":"<p>Zak\u0142adka magnetyczna z motywem ksi\u0105\u017cki &#8222;Zwi\u0105zani kl\u0105tw\u0105&#8221;<\/p>\n","protected":false},"excerpt":{"rendered":"<p>PRZEDSPRZEDA\u017b &#8211; zam\u00f3wienie zostanie zrealizowane 22-27.10.2025<\/p>\n","protected":false},"featured_media":242,"comment_status":"open","ping_status":"closed","template":"","meta":{"site-sidebar-layout":"default","site-content-layout":"","ast-site-content-layout":"default","site-content-style":"default","site-sidebar-style":"default","ast-global-header-display":"","ast-banner-title-visibility":"","ast-main-header-display":"","ast-hfb-above-header-display":"","ast-hfb-below-header-display":"","ast-hfb-mobile-header-display":"","site-post-title":"","ast-breadcrumbs-content":"","ast-featured-img":"","footer-sml-layout":"","theme-transparent-header-meta":"default","adv-header-id-meta":"","stick-header-meta":"","header-above-stick-meta":"","header-main-stick-meta":"","header-below-stick-meta":"","astra-migrate-meta-layouts":"set","ast-page-background-enabled":"default","ast-page-background-meta":{"desktop":{"background-color":"var(--ast-global-color-5)","background-image":"","background-repeat":"repeat","background-position":"center center","background-size":"auto","background-attachment":"scroll","background-type":"","background-media":"","overlay-type":"","overlay-color":"","overlay-opacity":"","overlay-gradient":""},"tablet":{"background-color":"","background-image":"","background-repeat":"repeat","background-position":"center center","background-size":"auto","background-attachment":"scroll","background-type":"","background-media":"","overlay-type":"","overlay-color":"","overlay-opacity":"","overlay-gradient":""},"mobile":{"background-color":"","background-image":"","background-repeat":"repeat","background-position":"center center","background-size":"auto","background-attachment":"scroll","background-type":"","background-media":"","overlay-type":"","overlay-color":"","overlay-opacity":"","overlay-gradient":""}},"ast-content-background-meta":{"desktop":{"background-color":"var(--ast-global-color-4)","background-image":"","background-repeat":"repeat","background-position":"center center","background-size":"auto","background-attachment":"scroll","background-type":"","background-media":"","overlay-type":"","overlay-color":"","overlay-opacity":"","overlay-gradient":""},"tablet":{"background-color":"var(--ast-global-color-4)","background-image":"","background-repeat":"repeat","background-position":"center center","background-size":"auto","background-attachment":"scroll","background-type":"","background-media":"","overlay-type":"","overlay-color":"","overlay-opacity":"","overlay-gradient":""},"mobile":{"background-color":"var(--ast-global-color-4)","background-image":"","background-repeat":"repeat","background-position":"center center","background-size":"auto","background-attachment":"scroll","background-type":"","background-media":"","overlay-type":"","overlay-color":"","overlay-opacity":"","overlay-gradient":""}}},"product_brand":[30,31],"product_cat":[33,27],"product_tag":[],"class_list":{"0":"post-240","1":"product","2":"type-product","3":"status-publish","4":"has-post-thumbnail","6":"product_brand-alina-duchnowska","7":"product_brand-wydawnictwo-cma","8":"product_cat-dodatki","9":"product_cat-zwiazani-klatwa","10":"desktop-align-left","11":"tablet-align-left","12":"mobile-align-left","14":"first","15":"instock","16":"shipping-taxable","17":"purchasable","18":"product-type-simple"},"yoast_head":"<!-- This site is optimized with the Yoast SEO plugin v26.6 - https:\/\/yoast.com\/wordpress\/plugins\/seo\/ -->\n<title>Zwi\u0105zani kl\u0105tw\u0105 zak\u0142adka magnetyczna - Wydawnictwo \u0106ma<\/title>\n<meta name=\"description\" content=\"Por\u0119czna zak\u0142adka magnetyczna do ksi\u0105\u017cki Zwi\u0105zani kl\u0105tw\u0105.\" \/>\n<meta name=\"robots\" content=\"index, follow, max-snippet:-1, max-image-preview:large, max-video-preview:-1\" \/>\n<link rel=\"canonical\" href=\"https:\/\/wydawnictwocma.pl\/index.php\/product\/zwiazani-klatwa-zakladka-magnetyczna\/\" \/>\n<meta property=\"og:locale\" content=\"pl_PL\" \/>\n<meta property=\"og:type\" content=\"article\" \/>\n<meta property=\"og:title\" content=\"Zwi\u0105zani kl\u0105tw\u0105 zak\u0142adka magnetyczna - Wydawnictwo \u0106ma\" \/>\n<meta property=\"og:description\" content=\"Por\u0119czna zak\u0142adka magnetyczna do ksi\u0105\u017cki Zwi\u0105zani kl\u0105tw\u0105.\" \/>\n<meta property=\"og:url\" content=\"https:\/\/wydawnictwocma.pl\/index.php\/product\/zwiazani-klatwa-zakladka-magnetyczna\/\" \/>\n<meta property=\"og:site_name\" content=\"Wydawnictwo \u0106ma\" \/>\n<meta property=\"article:modified_time\" content=\"2025-10-25T04:09:51+00:00\" \/>\n<meta property=\"og:image\" content=\"http:\/\/wydawnictwocma.pl\/wp-content\/uploads\/2025\/09\/Zwiazani-grafiki-do-sklepu_20250923_085038_0000.png\" \/>\n\t<meta property=\"og:image:width\" content=\"1080\" \/>\n\t<meta property=\"og:image:height\" content=\"1080\" \/>\n\t<meta property=\"og:image:type\" content=\"image\/png\" \/>\n<meta name=\"twitter:card\" content=\"summary_large_image\" \/>\n<meta name=\"twitter:label1\" content=\"Szacowany czas czytania\" \/>\n\t<meta name=\"twitter:data1\" content=\"1 minuta\" \/>\n<script type=\"application\/ld+json\" class=\"yoast-schema-graph\">{\"@context\":\"https:\/\/schema.org\",\"@graph\":[{\"@type\":\"WebPage\",\"@id\":\"https:\/\/wydawnictwocma.pl\/index.php\/product\/zwiazani-klatwa-zakladka-magnetyczna\/\",\"url\":\"https:\/\/wydawnictwocma.pl\/index.php\/product\/zwiazani-klatwa-zakladka-magnetyczna\/\",\"name\":\"Zwi\u0105zani kl\u0105tw\u0105 zak\u0142adka magnetyczna - Wydawnictwo \u0106ma\",\"isPartOf\":{\"@id\":\"https:\/\/wydawnictwocma.pl\/#website\"},\"primaryImageOfPage\":{\"@id\":\"https:\/\/wydawnictwocma.pl\/index.php\/product\/zwiazani-klatwa-zakladka-magnetyczna\/#primaryimage\"},\"image\":{\"@id\":\"https:\/\/wydawnictwocma.pl\/index.php\/product\/zwiazani-klatwa-zakladka-magnetyczna\/#primaryimage\"},\"thumbnailUrl\":\"https:\/\/wydawnictwocma.pl\/wp-content\/uploads\/2025\/09\/Zwiazani-grafiki-do-sklepu_20250923_085038_0000.png\",\"datePublished\":\"2025-09-22T09:20:09+00:00\",\"dateModified\":\"2025-10-25T04:09:51+00:00\",\"description\":\"Por\u0119czna zak\u0142adka magnetyczna do ksi\u0105\u017cki Zwi\u0105zani kl\u0105tw\u0105.\",\"breadcrumb\":{\"@id\":\"https:\/\/wydawnictwocma.pl\/index.php\/product\/zwiazani-klatwa-zakladka-magnetyczna\/#breadcrumb\"},\"inLanguage\":\"pl-PL\",\"potentialAction\":[{\"@type\":\"ReadAction\",\"target\":[\"https:\/\/wydawnictwocma.pl\/index.php\/product\/zwiazani-klatwa-zakladka-magnetyczna\/\"]}]},{\"@type\":\"ImageObject\",\"inLanguage\":\"pl-PL\",\"@id\":\"https:\/\/wydawnictwocma.pl\/index.php\/product\/zwiazani-klatwa-zakladka-magnetyczna\/#primaryimage\",\"url\":\"https:\/\/wydawnictwocma.pl\/wp-content\/uploads\/2025\/09\/Zwiazani-grafiki-do-sklepu_20250923_085038_0000.png\",\"contentUrl\":\"https:\/\/wydawnictwocma.pl\/wp-content\/uploads\/2025\/09\/Zwiazani-grafiki-do-sklepu_20250923_085038_0000.png\",\"width\":1080,\"height\":1080},{\"@type\":\"BreadcrumbList\",\"@id\":\"https:\/\/wydawnictwocma.pl\/index.php\/product\/zwiazani-klatwa-zakladka-magnetyczna\/#breadcrumb\",\"itemListElement\":[{\"@type\":\"ListItem\",\"position\":1,\"name\":\"Home\",\"item\":\"https:\/\/wydawnictwocma.pl\/\"},{\"@type\":\"ListItem\",\"position\":2,\"name\":\"Sklep\",\"item\":\"https:\/\/wydawnictwocma.pl\/index.php\/sklep\/\"},{\"@type\":\"ListItem\",\"position\":3,\"name\":\"Zwi\u0105zani kl\u0105tw\u0105 zak\u0142adka magnetyczna\"}]},{\"@type\":\"WebSite\",\"@id\":\"https:\/\/wydawnictwocma.pl\/#website\",\"url\":\"https:\/\/wydawnictwocma.pl\/\",\"name\":\"Wydawnictwo \u0106ma\",\"description\":\"\",\"publisher\":{\"@id\":\"https:\/\/wydawnictwocma.pl\/#organization\"},\"potentialAction\":[{\"@type\":\"SearchAction\",\"target\":{\"@type\":\"EntryPoint\",\"urlTemplate\":\"https:\/\/wydawnictwocma.pl\/?s={search_term_string}\"},\"query-input\":{\"@type\":\"PropertyValueSpecification\",\"valueRequired\":true,\"valueName\":\"search_term_string\"}}],\"inLanguage\":\"pl-PL\"},{\"@type\":\"Organization\",\"@id\":\"https:\/\/wydawnictwocma.pl\/#organization\",\"name\":\"Wydawnictwo \u0106ma\",\"url\":\"https:\/\/wydawnictwocma.pl\/\",\"logo\":{\"@type\":\"ImageObject\",\"inLanguage\":\"pl-PL\",\"@id\":\"https:\/\/wydawnictwocma.pl\/#\/schema\/logo\/image\/\",\"url\":\"https:\/\/wydawnictwocma.pl\/wp-content\/uploads\/2025\/07\/cropped-Projekt-bez-nazwy-8.jpg\",\"contentUrl\":\"https:\/\/wydawnictwocma.pl\/wp-content\/uploads\/2025\/07\/cropped-Projekt-bez-nazwy-8.jpg\",\"width\":100,\"height\":100,\"caption\":\"Wydawnictwo \u0106ma\"},\"image\":{\"@id\":\"https:\/\/wydawnictwocma.pl\/#\/schema\/logo\/image\/\"}}]}<\/script>\n<!-- \/ Yoast SEO plugin. -->","yoast_head_json":{"title":"Zwi\u0105zani kl\u0105tw\u0105 zak\u0142adka magnetyczna - Wydawnictwo \u0106ma","description":"Por\u0119czna zak\u0142adka magnetyczna do ksi\u0105\u017cki Zwi\u0105zani kl\u0105tw\u0105.","robots":{"index":"index","follow":"follow","max-snippet":"max-snippet:-1","max-image-preview":"max-image-preview:large","max-video-preview":"max-video-preview:-1"},"canonical":"https:\/\/wydawnictwocma.pl\/index.php\/product\/zwiazani-klatwa-zakladka-magnetyczna\/","og_locale":"pl_PL","og_type":"article","og_title":"Zwi\u0105zani kl\u0105tw\u0105 zak\u0142adka magnetyczna - Wydawnictwo \u0106ma","og_description":"Por\u0119czna zak\u0142adka magnetyczna do ksi\u0105\u017cki Zwi\u0105zani kl\u0105tw\u0105.","og_url":"https:\/\/wydawnictwocma.pl\/index.php\/product\/zwiazani-klatwa-zakladka-magnetyczna\/","og_site_name":"Wydawnictwo \u0106ma","article_modified_time":"2025-10-25T04:09:51+00:00","og_image":[{"width":1080,"height":1080,"url":"http:\/\/wydawnictwocma.pl\/wp-content\/uploads\/2025\/09\/Zwiazani-grafiki-do-sklepu_20250923_085038_0000.png","type":"image\/png"}],"twitter_card":"summary_large_image","twitter_misc":{"Szacowany czas czytania":"1 minuta"},"schema":{"@context":"https:\/\/schema.org","@graph":[{"@type":"WebPage","@id":"https:\/\/wydawnictwocma.pl\/index.php\/product\/zwiazani-klatwa-zakladka-magnetyczna\/","url":"https:\/\/wydawnictwocma.pl\/index.php\/product\/zwiazani-klatwa-zakladka-magnetyczna\/","name":"Zwi\u0105zani kl\u0105tw\u0105 zak\u0142adka magnetyczna - Wydawnictwo \u0106ma","isPartOf":{"@id":"https:\/\/wydawnictwocma.pl\/#website"},"primaryImageOfPage":{"@id":"https:\/\/wydawnictwocma.pl\/index.php\/product\/zwiazani-klatwa-zakladka-magnetyczna\/#primaryimage"},"image":{"@id":"https:\/\/wydawnictwocma.pl\/index.php\/product\/zwiazani-klatwa-zakladka-magnetyczna\/#primaryimage"},"thumbnailUrl":"https:\/\/wydawnictwocma.pl\/wp-content\/uploads\/2025\/09\/Zwiazani-grafiki-do-sklepu_20250923_085038_0000.png","datePublished":"2025-09-22T09:20:09+00:00","dateModified":"2025-10-25T04:09:51+00:00","description":"Por\u0119czna zak\u0142adka magnetyczna do ksi\u0105\u017cki Zwi\u0105zani kl\u0105tw\u0105.","breadcrumb":{"@id":"https:\/\/wydawnictwocma.pl\/index.php\/product\/zwiazani-klatwa-zakladka-magnetyczna\/#breadcrumb"},"inLanguage":"pl-PL","potentialAction":[{"@type":"ReadAction","target":["https:\/\/wydawnictwocma.pl\/index.php\/product\/zwiazani-klatwa-zakladka-magnetyczna\/"]}]},{"@type":"ImageObject","inLanguage":"pl-PL","@id":"https:\/\/wydawnictwocma.pl\/index.php\/product\/zwiazani-klatwa-zakladka-magnetyczna\/#primaryimage","url":"https:\/\/wydawnictwocma.pl\/wp-content\/uploads\/2025\/09\/Zwiazani-grafiki-do-sklepu_20250923_085038_0000.png","contentUrl":"https:\/\/wydawnictwocma.pl\/wp-content\/uploads\/2025\/09\/Zwiazani-grafiki-do-sklepu_20250923_085038_0000.png","width":1080,"height":1080},{"@type":"BreadcrumbList","@id":"https:\/\/wydawnictwocma.pl\/index.php\/product\/zwiazani-klatwa-zakladka-magnetyczna\/#breadcrumb","itemListElement":[{"@type":"ListItem","position":1,"name":"Home","item":"https:\/\/wydawnictwocma.pl\/"},{"@type":"ListItem","position":2,"name":"Sklep","item":"https:\/\/wydawnictwocma.pl\/index.php\/sklep\/"},{"@type":"ListItem","position":3,"name":"Zwi\u0105zani kl\u0105tw\u0105 zak\u0142adka magnetyczna"}]},{"@type":"WebSite","@id":"https:\/\/wydawnictwocma.pl\/#website","url":"https:\/\/wydawnictwocma.pl\/","name":"Wydawnictwo \u0106ma","description":"","publisher":{"@id":"https:\/\/wydawnictwocma.pl\/#organization"},"potentialAction":[{"@type":"SearchAction","target":{"@type":"EntryPoint","urlTemplate":"https:\/\/wydawnictwocma.pl\/?s={search_term_string}"},"query-input":{"@type":"PropertyValueSpecification","valueRequired":true,"valueName":"search_term_string"}}],"inLanguage":"pl-PL"},{"@type":"Organization","@id":"https:\/\/wydawnictwocma.pl\/#organization","name":"Wydawnictwo \u0106ma","url":"https:\/\/wydawnictwocma.pl\/","logo":{"@type":"ImageObject","inLanguage":"pl-PL","@id":"https:\/\/wydawnictwocma.pl\/#\/schema\/logo\/image\/","url":"https:\/\/wydawnictwocma.pl\/wp-content\/uploads\/2025\/07\/cropped-Projekt-bez-nazwy-8.jpg","contentUrl":"https:\/\/wydawnictwocma.pl\/wp-content\/uploads\/2025\/07\/cropped-Projekt-bez-nazwy-8.jpg","width":100,"height":100,"caption":"Wydawnictwo \u0106ma"},"image":{"@id":"https:\/\/wydawnictwocma.pl\/#\/schema\/logo\/image\/"}}]}},"jetpack_sharing_enabled":true,"_links":{"self":[{"href":"https:\/\/wydawnictwocma.pl\/index.php\/wp-json\/wp\/v2\/product\/240","targetHints":{"allow":["GET"]}}],"collection":[{"href":"https:\/\/wydawnictwocma.pl\/index.php\/wp-json\/wp\/v2\/product"}],"about":[{"href":"https:\/\/wydawnictwocma.pl\/index.php\/wp-json\/wp\/v2\/types\/product"}],"replies":[{"embeddable":true,"href":"https:\/\/wydawnictwocma.pl\/index.php\/wp-json\/wp\/v2\/comments?post=240"}],"version-history":[{"count":2,"href":"https:\/\/wydawnictwocma.pl\/index.php\/wp-json\/wp\/v2\/product\/240\/revisions"}],"predecessor-version":[{"id":291,"href":"https:\/\/wydawnictwocma.pl\/index.php\/wp-json\/wp\/v2\/product\/240\/revisions\/291"}],"wp:featuredmedia":[{"embeddable":true,"href":"https:\/\/wydawnictwocma.pl\/index.php\/wp-json\/wp\/v2\/media\/242"}],"wp:attachment":[{"href":"https:\/\/wydawnictwocma.pl\/index.php\/wp-json\/wp\/v2\/media?parent=240"}],"wp:term":[{"taxonomy":"product_brand","embeddable":true,"href":"https:\/\/wydawnictwocma.pl\/index.php\/wp-json\/wp\/v2\/product_brand?post=240"},{"taxonomy":"product_cat","embeddable":true,"href":"https:\/\/wydawnictwocma.pl\/index.php\/wp-json\/wp\/v2\/product_cat?post=240"},{"taxonomy":"product_tag","embeddable":true,"href":"https:\/\/wydawnictwocma.pl\/index.php\/wp-json\/wp\/v2\/product_tag?post=240"}],"curies":[{"name":"wp","href":"https:\/\/api.w.org\/{rel}","templated":true}]}}