{"id":226,"date":"2025-09-24T19:58:33","date_gmt":"2025-09-24T19:58:33","guid":{"rendered":"https:\/\/wydawnictwocma.pl\/?post_type=product&#038;p=226"},"modified":"2025-11-15T19:26:55","modified_gmt":"2025-11-15T19:26:55","slug":"zwiazani-klatwa","status":"publish","type":"product","link":"https:\/\/wydawnictwocma.pl\/index.php\/product\/zwiazani-klatwa\/","title":{"rendered":"Zwi\u0105zani kl\u0105tw\u0105"},"content":{"rendered":"<p>Gotycki romans fantasy rozgrywaj\u0105cy si\u0119 w \u015bwiecie rodem z pie\u015bni \u015bredniowiecznych trubadur\u00f3w.<\/p>\n<p>*PRZEDSPRZEDA\u017b zam\u00f3wienie zostanie zrealizowane 22-27.10.2025<\/p>\n<p>Kategoria wiekowa: 18+<\/p>\n<p>Kategoria romansu: hot<\/p>\n<p>OSTRZE\u017bENIA: Ksi\u0105\u017cka zawiera sceny przemocy, tak\u017ce przemocy seksualnej i mo\u017ce nie by\u0107 odpowiednia dla czytelnik\u00f3w wra\u017cliwych i w czasie kryzysu psychicznego.<\/p>\n<p>OPIS:<\/p>\n<p>Mia\u0142a by\u0107 jego narz\u0119dziem zemsty, a sta\u0142a si\u0119 drog\u0105 do upadku.<\/p>\n<p>Rosaretta Galliani wci\u0105\u017c op\u0142akuje utraconego ukochanego, kiedy otrzymuje od losu kolejny cios. Ojciec oddaje jej r\u0119k\u0119 Darinowi Hasselbedowi\u2013 zaufanemu przyjacielowi kr\u00f3la i rycerzowi, cz\u0142owiekowi, przeciwko kt\u00f3remu zajadle walczy\u0142 podczas mieszcza\u0144skiej rewolty. A tak\u017ce, jak g\u0142osz\u0105 plotki, czarnoksi\u0119\u017cnikowi, kt\u00f3ry zaprzeda\u0142 dusz\u0119 demonom. Z\u0142amana \u017calem dziewczynie ma wyboru. Ale prawdziwa groza ogarnie j\u0105 wtedy, gdy pierwszy raz ujrzy przysz\u0142ego m\u0119\u017ca.<\/p>\n<p>&nbsp;<\/p>\n<p>Przera\u017cona Rosaretta zostaje wywieziona z dala od wszystkiego, co zna\u0142a i kocha\u0142a. W otoczonym przez mroczn\u0105 puszcz\u0119 starym zamku Hinsvrith zmierzy si\u0119 nie tylko z nienawi\u015bci\u0105 ze strony nowej rodziny i samotno\u015bci\u0105, ale tak\u017ce z obc\u0105 dla niej magi\u0105 oraz kl\u0105tw\u0105 rzucon\u0105 na r\u00f3d Hasselbed. A przede wszystkim stawi czo\u0142a w\u0142asnemu m\u0119\u017cowi. Poch\u0142oni\u0119temu gniewem cz\u0142owiekowi o zniszczonej twarzy i jeszcze mocniej okaleczonym sercu.<\/p>\n<p>W Hinsvrith bowiem nawet blizny kryj\u0105 mroczne sekrety.<\/p>\n","protected":false},"excerpt":{"rendered":"<p>Gotycki romans fantasy rozgrywaj\u0105cy si\u0119 w \u015bwiecie rodem z pie\u015bni \u015bredniowiecznych trubadur\u00f3w.<\/p>\n<p>*PRZEDSPRZEDA\u017b zam\u00f3wienie zostanie zrealizowane 22-27.10.2025<\/p>\n<p>Kategoria wiekowa: 18+<\/p>\n<p>Kategoria romansu: hot<\/p>\n","protected":false},"featured_media":228,"comment_status":"open","ping_status":"closed","template":"","meta":{"site-sidebar-layout":"default","site-content-layout":"","ast-site-content-layout":"normal-width-container","site-content-style":"unboxed","site-sidebar-style":"default","ast-global-header-display":"","ast-banner-title-visibility":"","ast-main-header-display":"","ast-hfb-above-header-display":"","ast-hfb-below-header-display":"","ast-hfb-mobile-header-display":"","site-post-title":"","ast-breadcrumbs-content":"","ast-featured-img":"","footer-sml-layout":"","theme-transparent-header-meta":"default","adv-header-id-meta":"","stick-header-meta":"","header-above-stick-meta":"","header-main-stick-meta":"","header-below-stick-meta":"","astra-migrate-meta-layouts":"set","ast-page-background-enabled":"default","ast-page-background-meta":{"desktop":{"background-color":"var(--ast-global-color-5)","background-image":"","background-repeat":"repeat","background-position":"center center","background-size":"auto","background-attachment":"scroll","background-type":"","background-media":"","overlay-type":"","overlay-color":"","overlay-opacity":"","overlay-gradient":""},"tablet":{"background-color":"","background-image":"","background-repeat":"repeat","background-position":"center center","background-size":"auto","background-attachment":"scroll","background-type":"","background-media":"","overlay-type":"","overlay-color":"","overlay-opacity":"","overlay-gradient":""},"mobile":{"background-color":"","background-image":"","background-repeat":"repeat","background-position":"center center","background-size":"auto","background-attachment":"scroll","background-type":"","background-media":"","overlay-type":"","overlay-color":"","overlay-opacity":"","overlay-gradient":""}},"ast-content-background-meta":{"desktop":{"background-color":"var(--ast-global-color-4)","background-image":"","background-repeat":"repeat","background-position":"center center","background-size":"auto","background-attachment":"scroll","background-type":"","background-media":"","overlay-type":"","overlay-color":"","overlay-opacity":"","overlay-gradient":""},"tablet":{"background-color":"var(--ast-global-color-4)","background-image":"","background-repeat":"repeat","background-position":"center center","background-size":"auto","background-attachment":"scroll","background-type":"","background-media":"","overlay-type":"","overlay-color":"","overlay-opacity":"","overlay-gradient":""},"mobile":{"background-color":"var(--ast-global-color-4)","background-image":"","background-repeat":"repeat","background-position":"center center","background-size":"auto","background-attachment":"scroll","background-type":"","background-media":"","overlay-type":"","overlay-color":"","overlay-opacity":"","overlay-gradient":""}}},"product_brand":[30,31],"product_cat":[32,27],"product_tag":[],"class_list":{"0":"post-226","1":"product","2":"type-product","3":"status-publish","4":"has-post-thumbnail","6":"product_brand-alina-duchnowska","7":"product_brand-wydawnictwo-cma","8":"product_cat-ksiazki","9":"product_cat-zwiazani-klatwa","10":"desktop-align-left","11":"tablet-align-left","12":"mobile-align-left","14":"first","15":"instock","16":"sale","17":"shipping-taxable","18":"purchasable","19":"product-type-simple"},"yoast_head":"<!-- This site is optimized with the Yoast SEO plugin v26.6 - https:\/\/yoast.com\/wordpress\/plugins\/seo\/ -->\n<title>Zwi\u0105zani kl\u0105tw\u0105 - Wydawnictwo \u0106ma<\/title>\n<meta name=\"description\" content=\"Gotycki romans fantasy rozgrywaj\u0105cy si\u0119 w \u015bwiecie rodem z pie\u015bni \u015bredniowiecznych trubadur\u00f3w. Kup ju\u017c teraz i poznaj histori\u0119 zakl\u0119tych r\u00f3\u017c.\" \/>\n<meta name=\"robots\" content=\"index, follow, max-snippet:-1, max-image-preview:large, max-video-preview:-1\" \/>\n<link rel=\"canonical\" href=\"https:\/\/wydawnictwocma.pl\/index.php\/product\/zwiazani-klatwa\/\" \/>\n<meta property=\"og:locale\" content=\"pl_PL\" \/>\n<meta property=\"og:type\" content=\"article\" \/>\n<meta property=\"og:title\" content=\"Zwi\u0105zani kl\u0105tw\u0105 - Wydawnictwo \u0106ma\" \/>\n<meta property=\"og:description\" content=\"Gotycki romans fantasy rozgrywaj\u0105cy si\u0119 w \u015bwiecie rodem z pie\u015bni \u015bredniowiecznych trubadur\u00f3w. Kup ju\u017c teraz i poznaj histori\u0119 zakl\u0119tych r\u00f3\u017c.\" \/>\n<meta property=\"og:url\" content=\"https:\/\/wydawnictwocma.pl\/index.php\/product\/zwiazani-klatwa\/\" \/>\n<meta property=\"og:site_name\" content=\"Wydawnictwo \u0106ma\" \/>\n<meta property=\"article:modified_time\" content=\"2025-11-15T19:26:55+00:00\" \/>\n<meta property=\"og:image\" content=\"http:\/\/wydawnictwocma.pl\/wp-content\/uploads\/2025\/09\/4_20250923_075240_0003.png\" \/>\n\t<meta property=\"og:image:width\" content=\"1080\" \/>\n\t<meta property=\"og:image:height\" content=\"1080\" \/>\n\t<meta property=\"og:image:type\" content=\"image\/png\" \/>\n<meta name=\"twitter:card\" content=\"summary_large_image\" \/>\n<meta name=\"twitter:label1\" content=\"Szacowany czas czytania\" \/>\n\t<meta name=\"twitter:data1\" content=\"2 minuty\" \/>\n<script type=\"application\/ld+json\" class=\"yoast-schema-graph\">{\"@context\":\"https:\/\/schema.org\",\"@graph\":[{\"@type\":\"WebPage\",\"@id\":\"https:\/\/wydawnictwocma.pl\/index.php\/product\/zwiazani-klatwa\/\",\"url\":\"https:\/\/wydawnictwocma.pl\/index.php\/product\/zwiazani-klatwa\/\",\"name\":\"Zwi\u0105zani kl\u0105tw\u0105 - Wydawnictwo \u0106ma\",\"isPartOf\":{\"@id\":\"https:\/\/wydawnictwocma.pl\/#website\"},\"primaryImageOfPage\":{\"@id\":\"https:\/\/wydawnictwocma.pl\/index.php\/product\/zwiazani-klatwa\/#primaryimage\"},\"image\":{\"@id\":\"https:\/\/wydawnictwocma.pl\/index.php\/product\/zwiazani-klatwa\/#primaryimage\"},\"thumbnailUrl\":\"https:\/\/wydawnictwocma.pl\/wp-content\/uploads\/2025\/09\/4_20250923_075240_0003.png\",\"datePublished\":\"2025-09-24T19:58:33+00:00\",\"dateModified\":\"2025-11-15T19:26:55+00:00\",\"description\":\"Gotycki romans fantasy rozgrywaj\u0105cy si\u0119 w \u015bwiecie rodem z pie\u015bni \u015bredniowiecznych trubadur\u00f3w. Kup ju\u017c teraz i poznaj histori\u0119 zakl\u0119tych r\u00f3\u017c.\",\"breadcrumb\":{\"@id\":\"https:\/\/wydawnictwocma.pl\/index.php\/product\/zwiazani-klatwa\/#breadcrumb\"},\"inLanguage\":\"pl-PL\",\"potentialAction\":[{\"@type\":\"ReadAction\",\"target\":[\"https:\/\/wydawnictwocma.pl\/index.php\/product\/zwiazani-klatwa\/\"]}]},{\"@type\":\"ImageObject\",\"inLanguage\":\"pl-PL\",\"@id\":\"https:\/\/wydawnictwocma.pl\/index.php\/product\/zwiazani-klatwa\/#primaryimage\",\"url\":\"https:\/\/wydawnictwocma.pl\/wp-content\/uploads\/2025\/09\/4_20250923_075240_0003.png\",\"contentUrl\":\"https:\/\/wydawnictwocma.pl\/wp-content\/uploads\/2025\/09\/4_20250923_075240_0003.png\",\"width\":1080,\"height\":1080},{\"@type\":\"BreadcrumbList\",\"@id\":\"https:\/\/wydawnictwocma.pl\/index.php\/product\/zwiazani-klatwa\/#breadcrumb\",\"itemListElement\":[{\"@type\":\"ListItem\",\"position\":1,\"name\":\"Home\",\"item\":\"https:\/\/wydawnictwocma.pl\/\"},{\"@type\":\"ListItem\",\"position\":2,\"name\":\"Sklep\",\"item\":\"https:\/\/wydawnictwocma.pl\/index.php\/sklep\/\"},{\"@type\":\"ListItem\",\"position\":3,\"name\":\"Zwi\u0105zani kl\u0105tw\u0105\"}]},{\"@type\":\"WebSite\",\"@id\":\"https:\/\/wydawnictwocma.pl\/#website\",\"url\":\"https:\/\/wydawnictwocma.pl\/\",\"name\":\"Wydawnictwo \u0106ma\",\"description\":\"\",\"publisher\":{\"@id\":\"https:\/\/wydawnictwocma.pl\/#organization\"},\"potentialAction\":[{\"@type\":\"SearchAction\",\"target\":{\"@type\":\"EntryPoint\",\"urlTemplate\":\"https:\/\/wydawnictwocma.pl\/?s={search_term_string}\"},\"query-input\":{\"@type\":\"PropertyValueSpecification\",\"valueRequired\":true,\"valueName\":\"search_term_string\"}}],\"inLanguage\":\"pl-PL\"},{\"@type\":\"Organization\",\"@id\":\"https:\/\/wydawnictwocma.pl\/#organization\",\"name\":\"Wydawnictwo \u0106ma\",\"url\":\"https:\/\/wydawnictwocma.pl\/\",\"logo\":{\"@type\":\"ImageObject\",\"inLanguage\":\"pl-PL\",\"@id\":\"https:\/\/wydawnictwocma.pl\/#\/schema\/logo\/image\/\",\"url\":\"https:\/\/wydawnictwocma.pl\/wp-content\/uploads\/2025\/07\/cropped-Projekt-bez-nazwy-8.jpg\",\"contentUrl\":\"https:\/\/wydawnictwocma.pl\/wp-content\/uploads\/2025\/07\/cropped-Projekt-bez-nazwy-8.jpg\",\"width\":100,\"height\":100,\"caption\":\"Wydawnictwo \u0106ma\"},\"image\":{\"@id\":\"https:\/\/wydawnictwocma.pl\/#\/schema\/logo\/image\/\"}}]}<\/script>\n<!-- \/ Yoast SEO plugin. -->","yoast_head_json":{"title":"Zwi\u0105zani kl\u0105tw\u0105 - Wydawnictwo \u0106ma","description":"Gotycki romans fantasy rozgrywaj\u0105cy si\u0119 w \u015bwiecie rodem z pie\u015bni \u015bredniowiecznych trubadur\u00f3w. Kup ju\u017c teraz i poznaj histori\u0119 zakl\u0119tych r\u00f3\u017c.","robots":{"index":"index","follow":"follow","max-snippet":"max-snippet:-1","max-image-preview":"max-image-preview:large","max-video-preview":"max-video-preview:-1"},"canonical":"https:\/\/wydawnictwocma.pl\/index.php\/product\/zwiazani-klatwa\/","og_locale":"pl_PL","og_type":"article","og_title":"Zwi\u0105zani kl\u0105tw\u0105 - Wydawnictwo \u0106ma","og_description":"Gotycki romans fantasy rozgrywaj\u0105cy si\u0119 w \u015bwiecie rodem z pie\u015bni \u015bredniowiecznych trubadur\u00f3w. Kup ju\u017c teraz i poznaj histori\u0119 zakl\u0119tych r\u00f3\u017c.","og_url":"https:\/\/wydawnictwocma.pl\/index.php\/product\/zwiazani-klatwa\/","og_site_name":"Wydawnictwo \u0106ma","article_modified_time":"2025-11-15T19:26:55+00:00","og_image":[{"width":1080,"height":1080,"url":"http:\/\/wydawnictwocma.pl\/wp-content\/uploads\/2025\/09\/4_20250923_075240_0003.png","type":"image\/png"}],"twitter_card":"summary_large_image","twitter_misc":{"Szacowany czas czytania":"2 minuty"},"schema":{"@context":"https:\/\/schema.org","@graph":[{"@type":"WebPage","@id":"https:\/\/wydawnictwocma.pl\/index.php\/product\/zwiazani-klatwa\/","url":"https:\/\/wydawnictwocma.pl\/index.php\/product\/zwiazani-klatwa\/","name":"Zwi\u0105zani kl\u0105tw\u0105 - Wydawnictwo \u0106ma","isPartOf":{"@id":"https:\/\/wydawnictwocma.pl\/#website"},"primaryImageOfPage":{"@id":"https:\/\/wydawnictwocma.pl\/index.php\/product\/zwiazani-klatwa\/#primaryimage"},"image":{"@id":"https:\/\/wydawnictwocma.pl\/index.php\/product\/zwiazani-klatwa\/#primaryimage"},"thumbnailUrl":"https:\/\/wydawnictwocma.pl\/wp-content\/uploads\/2025\/09\/4_20250923_075240_0003.png","datePublished":"2025-09-24T19:58:33+00:00","dateModified":"2025-11-15T19:26:55+00:00","description":"Gotycki romans fantasy rozgrywaj\u0105cy si\u0119 w \u015bwiecie rodem z pie\u015bni \u015bredniowiecznych trubadur\u00f3w. Kup ju\u017c teraz i poznaj histori\u0119 zakl\u0119tych r\u00f3\u017c.","breadcrumb":{"@id":"https:\/\/wydawnictwocma.pl\/index.php\/product\/zwiazani-klatwa\/#breadcrumb"},"inLanguage":"pl-PL","potentialAction":[{"@type":"ReadAction","target":["https:\/\/wydawnictwocma.pl\/index.php\/product\/zwiazani-klatwa\/"]}]},{"@type":"ImageObject","inLanguage":"pl-PL","@id":"https:\/\/wydawnictwocma.pl\/index.php\/product\/zwiazani-klatwa\/#primaryimage","url":"https:\/\/wydawnictwocma.pl\/wp-content\/uploads\/2025\/09\/4_20250923_075240_0003.png","contentUrl":"https:\/\/wydawnictwocma.pl\/wp-content\/uploads\/2025\/09\/4_20250923_075240_0003.png","width":1080,"height":1080},{"@type":"BreadcrumbList","@id":"https:\/\/wydawnictwocma.pl\/index.php\/product\/zwiazani-klatwa\/#breadcrumb","itemListElement":[{"@type":"ListItem","position":1,"name":"Home","item":"https:\/\/wydawnictwocma.pl\/"},{"@type":"ListItem","position":2,"name":"Sklep","item":"https:\/\/wydawnictwocma.pl\/index.php\/sklep\/"},{"@type":"ListItem","position":3,"name":"Zwi\u0105zani kl\u0105tw\u0105"}]},{"@type":"WebSite","@id":"https:\/\/wydawnictwocma.pl\/#website","url":"https:\/\/wydawnictwocma.pl\/","name":"Wydawnictwo \u0106ma","description":"","publisher":{"@id":"https:\/\/wydawnictwocma.pl\/#organization"},"potentialAction":[{"@type":"SearchAction","target":{"@type":"EntryPoint","urlTemplate":"https:\/\/wydawnictwocma.pl\/?s={search_term_string}"},"query-input":{"@type":"PropertyValueSpecification","valueRequired":true,"valueName":"search_term_string"}}],"inLanguage":"pl-PL"},{"@type":"Organization","@id":"https:\/\/wydawnictwocma.pl\/#organization","name":"Wydawnictwo \u0106ma","url":"https:\/\/wydawnictwocma.pl\/","logo":{"@type":"ImageObject","inLanguage":"pl-PL","@id":"https:\/\/wydawnictwocma.pl\/#\/schema\/logo\/image\/","url":"https:\/\/wydawnictwocma.pl\/wp-content\/uploads\/2025\/07\/cropped-Projekt-bez-nazwy-8.jpg","contentUrl":"https:\/\/wydawnictwocma.pl\/wp-content\/uploads\/2025\/07\/cropped-Projekt-bez-nazwy-8.jpg","width":100,"height":100,"caption":"Wydawnictwo \u0106ma"},"image":{"@id":"https:\/\/wydawnictwocma.pl\/#\/schema\/logo\/image\/"}}]}},"jetpack_sharing_enabled":true,"_links":{"self":[{"href":"https:\/\/wydawnictwocma.pl\/index.php\/wp-json\/wp\/v2\/product\/226","targetHints":{"allow":["GET"]}}],"collection":[{"href":"https:\/\/wydawnictwocma.pl\/index.php\/wp-json\/wp\/v2\/product"}],"about":[{"href":"https:\/\/wydawnictwocma.pl\/index.php\/wp-json\/wp\/v2\/types\/product"}],"replies":[{"embeddable":true,"href":"https:\/\/wydawnictwocma.pl\/index.php\/wp-json\/wp\/v2\/comments?post=226"}],"version-history":[{"count":4,"href":"https:\/\/wydawnictwocma.pl\/index.php\/wp-json\/wp\/v2\/product\/226\/revisions"}],"predecessor-version":[{"id":290,"href":"https:\/\/wydawnictwocma.pl\/index.php\/wp-json\/wp\/v2\/product\/226\/revisions\/290"}],"wp:featuredmedia":[{"embeddable":true,"href":"https:\/\/wydawnictwocma.pl\/index.php\/wp-json\/wp\/v2\/media\/228"}],"wp:attachment":[{"href":"https:\/\/wydawnictwocma.pl\/index.php\/wp-json\/wp\/v2\/media?parent=226"}],"wp:term":[{"taxonomy":"product_brand","embeddable":true,"href":"https:\/\/wydawnictwocma.pl\/index.php\/wp-json\/wp\/v2\/product_brand?post=226"},{"taxonomy":"product_cat","embeddable":true,"href":"https:\/\/wydawnictwocma.pl\/index.php\/wp-json\/wp\/v2\/product_cat?post=226"},{"taxonomy":"product_tag","embeddable":true,"href":"https:\/\/wydawnictwocma.pl\/index.php\/wp-json\/wp\/v2\/product_tag?post=226"}],"curies":[{"name":"wp","href":"https:\/\/api.w.org\/{rel}","templated":true}]}}