{"id":80,"date":"2025-07-24T18:38:25","date_gmt":"2025-07-24T18:38:25","guid":{"rendered":"http:\/\/wydawnictwocma.pl\/?page_id=80"},"modified":"2025-10-13T16:50:48","modified_gmt":"2025-10-13T16:50:48","slug":"ksiazki","status":"publish","type":"page","link":"https:\/\/wydawnictwocma.pl\/index.php\/ksiazki\/","title":{"rendered":"Nasze ksi\u0105\u017cki"},"content":{"rendered":"\t\t<div data-elementor-type=\"wp-page\" data-elementor-id=\"80\" class=\"elementor elementor-80\">\n\t\t\t\t<div class=\"elementor-element elementor-element-58cd5d7 e-flex e-con-boxed e-con e-parent\" data-id=\"58cd5d7\" data-element_type=\"container\">\n\t\t\t\t\t<div class=\"e-con-inner\">\n\t\t\t\t<div class=\"elementor-element elementor-element-cb06137 elementor-widget elementor-widget-heading\" data-id=\"cb06137\" data-element_type=\"widget\" data-widget_type=\"heading.default\">\n\t\t\t\t\t<h3 class=\"elementor-heading-title elementor-size-default\">Zwi\u0105zani kl\u0105tw\u0105<\/h3>\t\t\t\t<\/div>\n\t\t\t\t\t<\/div>\n\t\t\t\t<\/div>\n\t\t<div class=\"elementor-element elementor-element-550ed31 e-flex e-con-boxed e-con e-parent\" data-id=\"550ed31\" data-element_type=\"container\">\n\t\t\t\t\t<div class=\"e-con-inner\">\n\t\t<div class=\"elementor-element elementor-element-6ae2cd7 e-con-full e-flex e-con e-child\" data-id=\"6ae2cd7\" data-element_type=\"container\" data-settings=\"{&quot;background_background&quot;:&quot;classic&quot;}\">\n\t\t<div class=\"elementor-element elementor-element-7bcca92 e-con-full e-flex e-con e-child\" data-id=\"7bcca92\" data-element_type=\"container\">\n\t\t\t\t<div class=\"elementor-element elementor-element-9860691 elementor-widget elementor-widget-image\" data-id=\"9860691\" data-element_type=\"widget\" data-widget_type=\"image.default\">\n\t\t\t\t\t\t\t\t\t\t\t\t\t\t\t<img fetchpriority=\"high\" decoding=\"async\" width=\"1024\" height=\"1024\" src=\"https:\/\/wydawnictwocma.pl\/wp-content\/uploads\/2025\/08\/Gotycki-romans-fantasy-z-fabula-osadzona-w-swiecie-rodem-z-piesni-trubadurow-3-1024x1024.png\" class=\"attachment-large size-large wp-image-170\" alt=\"\" srcset=\"https:\/\/wydawnictwocma.pl\/wp-content\/uploads\/2025\/08\/Gotycki-romans-fantasy-z-fabula-osadzona-w-swiecie-rodem-z-piesni-trubadurow-3-1024x1024.png 1024w, https:\/\/wydawnictwocma.pl\/wp-content\/uploads\/2025\/08\/Gotycki-romans-fantasy-z-fabula-osadzona-w-swiecie-rodem-z-piesni-trubadurow-3-300x300.png 300w, https:\/\/wydawnictwocma.pl\/wp-content\/uploads\/2025\/08\/Gotycki-romans-fantasy-z-fabula-osadzona-w-swiecie-rodem-z-piesni-trubadurow-3-150x150.png 150w, https:\/\/wydawnictwocma.pl\/wp-content\/uploads\/2025\/08\/Gotycki-romans-fantasy-z-fabula-osadzona-w-swiecie-rodem-z-piesni-trubadurow-3-768x768.png 768w, https:\/\/wydawnictwocma.pl\/wp-content\/uploads\/2025\/08\/Gotycki-romans-fantasy-z-fabula-osadzona-w-swiecie-rodem-z-piesni-trubadurow-3-600x600.png 600w, https:\/\/wydawnictwocma.pl\/wp-content\/uploads\/2025\/08\/Gotycki-romans-fantasy-z-fabula-osadzona-w-swiecie-rodem-z-piesni-trubadurow-3-100x100.png 100w, https:\/\/wydawnictwocma.pl\/wp-content\/uploads\/2025\/08\/Gotycki-romans-fantasy-z-fabula-osadzona-w-swiecie-rodem-z-piesni-trubadurow-3.png 1080w\" sizes=\"(max-width: 1024px) 100vw, 1024px\" \/>\t\t\t\t\t\t\t\t\t\t\t\t\t\t\t<\/div>\n\t\t\t\t<\/div>\n\t\t\t\t<div class=\"elementor-element elementor-element-f847f03 elementor-widget__width-initial elementor-widget elementor-widget-text-editor\" data-id=\"f847f03\" data-element_type=\"widget\" data-widget_type=\"text-editor.default\">\n\t\t\t\t\t\t\t\t\t<p><strong>Data premiery:\u00a0<\/strong> 23.10.2025<\/p><p><strong>Gatunek:<\/strong> romantasy<\/p><p><strong>Autorka:<\/strong> Alina Duchnowska<\/p><p><strong>Ograniczenia wiekowe:<\/strong> +18<\/p><p><strong>Trigger warnings:<\/strong> Ksi\u0105\u017cka zawiera sceny przemocy i mo\u017ce nie by\u0107 odpowiednia dla czytelnik\u00f3w wra\u017cliwych b\u0105d\u017a w stanie kryzysu zdrowia psychicznego<\/p>\t\t\t\t\t\t\t\t<\/div>\n\t\t\t\t<\/div>\n\t\t\t\t\t<\/div>\n\t\t\t\t<\/div>\n\t\t<div class=\"elementor-element elementor-element-c852714 e-flex e-con-boxed e-con e-parent\" data-id=\"c852714\" data-element_type=\"container\">\n\t\t\t\t\t<div class=\"e-con-inner\">\n\t\t<div class=\"elementor-element elementor-element-bedfefb e-con-full e-flex e-con e-child\" data-id=\"bedfefb\" data-element_type=\"container\" data-settings=\"{&quot;background_background&quot;:&quot;classic&quot;}\">\n\t\t\t\t<div class=\"elementor-element elementor-element-fa2c034 elementor-widget elementor-widget-text-editor\" data-id=\"fa2c034\" data-element_type=\"widget\" data-widget_type=\"text-editor.default\">\n\t\t\t\t\t\t\t\t\t<p><strong>Opis:<\/strong> Gotycki romans fantasy rozgrywaj\u0105cy si\u0119 w \u015bwiecie rodem z pie\u015bni trubadur\u00f3w.<\/p><p>Rosaretta Galliani wci\u0105\u017c op\u0142akuje utraconego ukochanego, kiedy otrzymuje od losu kolejny cios. Ojciec oddaje jej r\u0119k\u0119 Darinowi Hasselbedowi \u2013 zaufanemu przyjacielowi kr\u00f3la, rycerzowi, cz\u0142owiekowi, przeciwko kt\u00f3remu zajadle walczy\u0142 podczas mieszcza\u0144skiej rewolty. A tak\u017ce, jak g\u0142osz\u0105 plotki, czarnoksi\u0119\u017cnikowi, kt\u00f3ry zaprzeda\u0142 dusz\u0119 demonom. Z\u0142amana \u017calem dziewczyna nie ma wyboru. Ale prawdziwa groza ogarnie j\u0105 wtedy, gdy pierwszy raz ujrzy przysz\u0142ego m\u0119\u017ca.<\/p><p>Przera\u017cona Rosaretta zostaje wywieziona z dala od morza oraz wszystkiego, co zna\u0142a i kocha\u0142a. W otoczonym przez mroczn\u0105 puszcz\u0119 starym zamku Hinsvrith zmierzy si\u0119 nie tylko z nienawi\u015bci\u0105 ze strony nowej rodziny i samotno\u015bci\u0105, ale tak\u017ce z obc\u0105 dla niej magi\u0105 oraz kl\u0105tw\u0105 rzucon\u0105 na r\u00f3d Hasselbed. A przede wszystkim stawi czo\u0142a w\u0142asnemu m\u0119\u017cowi. Poch\u0142oni\u0119temu gniewem cz\u0142owiekowi o zniszczonej twarzy i jeszcze mocniej okaleczonym sercu.<\/p><p>W Hinsvrith bowiem nawet blizny kryj\u0105 mroczne sekrety.<\/p>\t\t\t\t\t\t\t\t<\/div>\n\t\t\t\t<\/div>\n\t\t\t\t\t<\/div>\n\t\t\t\t<\/div>\n\t\t<div class=\"elementor-element elementor-element-88f8c5c e-flex e-con-boxed e-con e-parent\" data-id=\"88f8c5c\" data-element_type=\"container\">\n\t\t\t\t\t<div class=\"e-con-inner\">\n\t\t<div class=\"elementor-element elementor-element-4294c57 e-con-full e-flex e-con e-child\" data-id=\"4294c57\" data-element_type=\"container\">\n\t\t<div class=\"elementor-element elementor-element-bbce434 e-con-full e-flex e-con e-child\" data-id=\"bbce434\" data-element_type=\"container\">\n\t\t\t\t<\/div>\n\t\t<div class=\"elementor-element elementor-element-4394a97 e-con-full e-flex e-con e-child\" data-id=\"4394a97\" data-element_type=\"container\">\n\t\t\t\t<div class=\"elementor-element elementor-element-06ec49f elementor-widget elementor-widget-image\" data-id=\"06ec49f\" data-element_type=\"widget\" data-widget_type=\"image.default\">\n\t\t\t\t\t\t\t\t\t\t\t\t\t\t\t<img decoding=\"async\" width=\"100\" height=\"100\" src=\"https:\/\/wydawnictwocma.pl\/wp-content\/uploads\/2025\/07\/Projekt-bez-nazwy-8.jpg\" class=\"attachment-medium size-medium wp-image-68\" alt=\"Logo wydawnictwa \u0106ma\" \/>\t\t\t\t\t\t\t\t\t\t\t\t\t\t\t<\/div>\n\t\t\t\t<\/div>\n\t\t<div class=\"elementor-element elementor-element-7ba6ca7 e-con-full e-flex e-con e-child\" data-id=\"7ba6ca7\" data-element_type=\"container\">\n\t\t\t\t<\/div>\n\t\t\t\t<\/div>\n\t\t\t\t\t<\/div>\n\t\t\t\t<\/div>\n\t\t\t\t<\/div>\n\t\t","protected":false},"excerpt":{"rendered":"<p>Zwi\u0105zani kl\u0105tw\u0105 Data premiery:\u00a0 23.10.2025 Gatunek: romantasy Autorka: Alina Duchnowska Ograniczenia wiekowe: +18 Trigger warnings: Ksi\u0105\u017cka zawiera sceny przemocy i [&hellip;]<\/p>\n","protected":false},"author":1,"featured_media":0,"parent":0,"menu_order":0,"comment_status":"closed","ping_status":"closed","template":"","meta":{"site-sidebar-layout":"no-sidebar","site-content-layout":"","ast-site-content-layout":"full-width-container","site-content-style":"default","site-sidebar-style":"default","ast-global-header-display":"","ast-banner-title-visibility":"","ast-main-header-display":"","ast-hfb-above-header-display":"","ast-hfb-below-header-display":"","ast-hfb-mobile-header-display":"","site-post-title":"","ast-breadcrumbs-content":"","ast-featured-img":"disabled","footer-sml-layout":"","theme-transparent-header-meta":"","adv-header-id-meta":"","stick-header-meta":"","header-above-stick-meta":"","header-main-stick-meta":"","header-below-stick-meta":"","astra-migrate-meta-layouts":"default","ast-page-background-enabled":"default","ast-page-background-meta":{"desktop":{"background-color":"var(--ast-global-color-5)","background-image":"","background-repeat":"repeat","background-position":"center center","background-size":"auto","background-attachment":"scroll","background-type":"","background-media":"","overlay-type":"","overlay-color":"","overlay-opacity":"","overlay-gradient":""},"tablet":{"background-color":"","background-image":"","background-repeat":"repeat","background-position":"center center","background-size":"auto","background-attachment":"scroll","background-type":"","background-media":"","overlay-type":"","overlay-color":"","overlay-opacity":"","overlay-gradient":""},"mobile":{"background-color":"","background-image":"","background-repeat":"repeat","background-position":"center center","background-size":"auto","background-attachment":"scroll","background-type":"","background-media":"","overlay-type":"","overlay-color":"","overlay-opacity":"","overlay-gradient":""}},"ast-content-background-meta":{"desktop":{"background-color":"var(--ast-global-color-4)","background-image":"","background-repeat":"repeat","background-position":"center center","background-size":"auto","background-attachment":"scroll","background-type":"","background-media":"","overlay-type":"","overlay-color":"","overlay-opacity":"","overlay-gradient":""},"tablet":{"background-color":"var(--ast-global-color-4)","background-image":"","background-repeat":"repeat","background-position":"center center","background-size":"auto","background-attachment":"scroll","background-type":"","background-media":"","overlay-type":"","overlay-color":"","overlay-opacity":"","overlay-gradient":""},"mobile":{"background-color":"var(--ast-global-color-4)","background-image":"","background-repeat":"repeat","background-position":"center center","background-size":"auto","background-attachment":"scroll","background-type":"","background-media":"","overlay-type":"","overlay-color":"","overlay-opacity":"","overlay-gradient":""}},"footnotes":""},"class_list":["post-80","page","type-page","status-publish","hentry"],"yoast_head":"<!-- This site is optimized with the Yoast SEO plugin v26.6 - https:\/\/yoast.com\/wordpress\/plugins\/seo\/ -->\n<title>Nasze ksi\u0105\u017cki - Wydawnictwo \u0106ma<\/title>\n<meta name=\"description\" content=\"Poznaj ksi\u0105\u017cki Wydawnictwa \u0106ma i znajd\u017a co\u015b dla siebie. Historie z gatunku fantasy, romantasy i romans na wyci\u0105gni\u0119cie r\u0119ki!\" \/>\n<meta name=\"robots\" content=\"index, follow, max-snippet:-1, max-image-preview:large, max-video-preview:-1\" \/>\n<link rel=\"canonical\" href=\"https:\/\/wydawnictwocma.pl\/index.php\/ksiazki\/\" \/>\n<meta property=\"og:locale\" content=\"pl_PL\" \/>\n<meta property=\"og:type\" content=\"article\" \/>\n<meta property=\"og:title\" content=\"Ksi\u0105\u017cki Wydawnictwa \u0106ma\" \/>\n<meta property=\"og:description\" content=\"Poznaj ksi\u0105\u017cki Wydawnictwa \u0106ma i znajd\u017a co\u015b dla siebie. Historie z gatunku fantasy, romantasy i romans na wyci\u0105gni\u0119cie r\u0119ki!\" \/>\n<meta property=\"og:url\" content=\"https:\/\/wydawnictwocma.pl\/index.php\/ksiazki\/\" \/>\n<meta property=\"og:site_name\" content=\"Wydawnictwo \u0106ma\" \/>\n<meta property=\"article:modified_time\" content=\"2025-10-13T16:50:48+00:00\" \/>\n<meta property=\"og:image\" content=\"http:\/\/wydawnictwocma.pl\/wp-content\/uploads\/2025\/07\/wydawnictwo-cma.png\" \/>\n\t<meta property=\"og:image:width\" content=\"800\" \/>\n\t<meta property=\"og:image:height\" content=\"400\" \/>\n\t<meta property=\"og:image:type\" content=\"image\/png\" \/>\n<meta name=\"twitter:card\" content=\"summary_large_image\" \/>\n<meta name=\"twitter:label1\" content=\"Szacowany czas czytania\" \/>\n\t<meta name=\"twitter:data1\" content=\"2 minuty\" \/>\n<script type=\"application\/ld+json\" class=\"yoast-schema-graph\">{\"@context\":\"https:\/\/schema.org\",\"@graph\":[{\"@type\":\"WebPage\",\"@id\":\"https:\/\/wydawnictwocma.pl\/index.php\/ksiazki\/\",\"url\":\"https:\/\/wydawnictwocma.pl\/index.php\/ksiazki\/\",\"name\":\"Nasze ksi\u0105\u017cki - Wydawnictwo \u0106ma\",\"isPartOf\":{\"@id\":\"https:\/\/wydawnictwocma.pl\/#website\"},\"primaryImageOfPage\":{\"@id\":\"https:\/\/wydawnictwocma.pl\/index.php\/ksiazki\/#primaryimage\"},\"image\":{\"@id\":\"https:\/\/wydawnictwocma.pl\/index.php\/ksiazki\/#primaryimage\"},\"thumbnailUrl\":\"http:\/\/wydawnictwocma.pl\/wp-content\/uploads\/2025\/08\/Gotycki-romans-fantasy-z-fabula-osadzona-w-swiecie-rodem-z-piesni-trubadurow-3-1024x1024.png\",\"datePublished\":\"2025-07-24T18:38:25+00:00\",\"dateModified\":\"2025-10-13T16:50:48+00:00\",\"description\":\"Poznaj ksi\u0105\u017cki Wydawnictwa \u0106ma i znajd\u017a co\u015b dla siebie. Historie z gatunku fantasy, romantasy i romans na wyci\u0105gni\u0119cie r\u0119ki!\",\"breadcrumb\":{\"@id\":\"https:\/\/wydawnictwocma.pl\/index.php\/ksiazki\/#breadcrumb\"},\"inLanguage\":\"pl-PL\",\"potentialAction\":[{\"@type\":\"ReadAction\",\"target\":[\"https:\/\/wydawnictwocma.pl\/index.php\/ksiazki\/\"]}]},{\"@type\":\"ImageObject\",\"inLanguage\":\"pl-PL\",\"@id\":\"https:\/\/wydawnictwocma.pl\/index.php\/ksiazki\/#primaryimage\",\"url\":\"https:\/\/wydawnictwocma.pl\/wp-content\/uploads\/2025\/08\/Gotycki-romans-fantasy-z-fabula-osadzona-w-swiecie-rodem-z-piesni-trubadurow-3.png\",\"contentUrl\":\"https:\/\/wydawnictwocma.pl\/wp-content\/uploads\/2025\/08\/Gotycki-romans-fantasy-z-fabula-osadzona-w-swiecie-rodem-z-piesni-trubadurow-3.png\",\"width\":1080,\"height\":1080},{\"@type\":\"BreadcrumbList\",\"@id\":\"https:\/\/wydawnictwocma.pl\/index.php\/ksiazki\/#breadcrumb\",\"itemListElement\":[{\"@type\":\"ListItem\",\"position\":1,\"name\":\"Home\",\"item\":\"https:\/\/wydawnictwocma.pl\/\"},{\"@type\":\"ListItem\",\"position\":2,\"name\":\"Nasze ksi\u0105\u017cki\"}]},{\"@type\":\"WebSite\",\"@id\":\"https:\/\/wydawnictwocma.pl\/#website\",\"url\":\"https:\/\/wydawnictwocma.pl\/\",\"name\":\"Wydawnictwo \u0106ma\",\"description\":\"\",\"publisher\":{\"@id\":\"https:\/\/wydawnictwocma.pl\/#organization\"},\"potentialAction\":[{\"@type\":\"SearchAction\",\"target\":{\"@type\":\"EntryPoint\",\"urlTemplate\":\"https:\/\/wydawnictwocma.pl\/?s={search_term_string}\"},\"query-input\":{\"@type\":\"PropertyValueSpecification\",\"valueRequired\":true,\"valueName\":\"search_term_string\"}}],\"inLanguage\":\"pl-PL\"},{\"@type\":\"Organization\",\"@id\":\"https:\/\/wydawnictwocma.pl\/#organization\",\"name\":\"Wydawnictwo \u0106ma\",\"url\":\"https:\/\/wydawnictwocma.pl\/\",\"logo\":{\"@type\":\"ImageObject\",\"inLanguage\":\"pl-PL\",\"@id\":\"https:\/\/wydawnictwocma.pl\/#\/schema\/logo\/image\/\",\"url\":\"https:\/\/wydawnictwocma.pl\/wp-content\/uploads\/2025\/07\/cropped-Projekt-bez-nazwy-8.jpg\",\"contentUrl\":\"https:\/\/wydawnictwocma.pl\/wp-content\/uploads\/2025\/07\/cropped-Projekt-bez-nazwy-8.jpg\",\"width\":100,\"height\":100,\"caption\":\"Wydawnictwo \u0106ma\"},\"image\":{\"@id\":\"https:\/\/wydawnictwocma.pl\/#\/schema\/logo\/image\/\"}}]}<\/script>\n<!-- \/ Yoast SEO plugin. -->","yoast_head_json":{"title":"Nasze ksi\u0105\u017cki - Wydawnictwo \u0106ma","description":"Poznaj ksi\u0105\u017cki Wydawnictwa \u0106ma i znajd\u017a co\u015b dla siebie. Historie z gatunku fantasy, romantasy i romans na wyci\u0105gni\u0119cie r\u0119ki!","robots":{"index":"index","follow":"follow","max-snippet":"max-snippet:-1","max-image-preview":"max-image-preview:large","max-video-preview":"max-video-preview:-1"},"canonical":"https:\/\/wydawnictwocma.pl\/index.php\/ksiazki\/","og_locale":"pl_PL","og_type":"article","og_title":"Ksi\u0105\u017cki Wydawnictwa \u0106ma","og_description":"Poznaj ksi\u0105\u017cki Wydawnictwa \u0106ma i znajd\u017a co\u015b dla siebie. Historie z gatunku fantasy, romantasy i romans na wyci\u0105gni\u0119cie r\u0119ki!","og_url":"https:\/\/wydawnictwocma.pl\/index.php\/ksiazki\/","og_site_name":"Wydawnictwo \u0106ma","article_modified_time":"2025-10-13T16:50:48+00:00","og_image":[{"width":800,"height":400,"url":"http:\/\/wydawnictwocma.pl\/wp-content\/uploads\/2025\/07\/wydawnictwo-cma.png","type":"image\/png"}],"twitter_card":"summary_large_image","twitter_misc":{"Szacowany czas czytania":"2 minuty"},"schema":{"@context":"https:\/\/schema.org","@graph":[{"@type":"WebPage","@id":"https:\/\/wydawnictwocma.pl\/index.php\/ksiazki\/","url":"https:\/\/wydawnictwocma.pl\/index.php\/ksiazki\/","name":"Nasze ksi\u0105\u017cki - Wydawnictwo \u0106ma","isPartOf":{"@id":"https:\/\/wydawnictwocma.pl\/#website"},"primaryImageOfPage":{"@id":"https:\/\/wydawnictwocma.pl\/index.php\/ksiazki\/#primaryimage"},"image":{"@id":"https:\/\/wydawnictwocma.pl\/index.php\/ksiazki\/#primaryimage"},"thumbnailUrl":"http:\/\/wydawnictwocma.pl\/wp-content\/uploads\/2025\/08\/Gotycki-romans-fantasy-z-fabula-osadzona-w-swiecie-rodem-z-piesni-trubadurow-3-1024x1024.png","datePublished":"2025-07-24T18:38:25+00:00","dateModified":"2025-10-13T16:50:48+00:00","description":"Poznaj ksi\u0105\u017cki Wydawnictwa \u0106ma i znajd\u017a co\u015b dla siebie. Historie z gatunku fantasy, romantasy i romans na wyci\u0105gni\u0119cie r\u0119ki!","breadcrumb":{"@id":"https:\/\/wydawnictwocma.pl\/index.php\/ksiazki\/#breadcrumb"},"inLanguage":"pl-PL","potentialAction":[{"@type":"ReadAction","target":["https:\/\/wydawnictwocma.pl\/index.php\/ksiazki\/"]}]},{"@type":"ImageObject","inLanguage":"pl-PL","@id":"https:\/\/wydawnictwocma.pl\/index.php\/ksiazki\/#primaryimage","url":"https:\/\/wydawnictwocma.pl\/wp-content\/uploads\/2025\/08\/Gotycki-romans-fantasy-z-fabula-osadzona-w-swiecie-rodem-z-piesni-trubadurow-3.png","contentUrl":"https:\/\/wydawnictwocma.pl\/wp-content\/uploads\/2025\/08\/Gotycki-romans-fantasy-z-fabula-osadzona-w-swiecie-rodem-z-piesni-trubadurow-3.png","width":1080,"height":1080},{"@type":"BreadcrumbList","@id":"https:\/\/wydawnictwocma.pl\/index.php\/ksiazki\/#breadcrumb","itemListElement":[{"@type":"ListItem","position":1,"name":"Home","item":"https:\/\/wydawnictwocma.pl\/"},{"@type":"ListItem","position":2,"name":"Nasze ksi\u0105\u017cki"}]},{"@type":"WebSite","@id":"https:\/\/wydawnictwocma.pl\/#website","url":"https:\/\/wydawnictwocma.pl\/","name":"Wydawnictwo \u0106ma","description":"","publisher":{"@id":"https:\/\/wydawnictwocma.pl\/#organization"},"potentialAction":[{"@type":"SearchAction","target":{"@type":"EntryPoint","urlTemplate":"https:\/\/wydawnictwocma.pl\/?s={search_term_string}"},"query-input":{"@type":"PropertyValueSpecification","valueRequired":true,"valueName":"search_term_string"}}],"inLanguage":"pl-PL"},{"@type":"Organization","@id":"https:\/\/wydawnictwocma.pl\/#organization","name":"Wydawnictwo \u0106ma","url":"https:\/\/wydawnictwocma.pl\/","logo":{"@type":"ImageObject","inLanguage":"pl-PL","@id":"https:\/\/wydawnictwocma.pl\/#\/schema\/logo\/image\/","url":"https:\/\/wydawnictwocma.pl\/wp-content\/uploads\/2025\/07\/cropped-Projekt-bez-nazwy-8.jpg","contentUrl":"https:\/\/wydawnictwocma.pl\/wp-content\/uploads\/2025\/07\/cropped-Projekt-bez-nazwy-8.jpg","width":100,"height":100,"caption":"Wydawnictwo \u0106ma"},"image":{"@id":"https:\/\/wydawnictwocma.pl\/#\/schema\/logo\/image\/"}}]}},"jetpack_sharing_enabled":true,"_links":{"self":[{"href":"https:\/\/wydawnictwocma.pl\/index.php\/wp-json\/wp\/v2\/pages\/80","targetHints":{"allow":["GET"]}}],"collection":[{"href":"https:\/\/wydawnictwocma.pl\/index.php\/wp-json\/wp\/v2\/pages"}],"about":[{"href":"https:\/\/wydawnictwocma.pl\/index.php\/wp-json\/wp\/v2\/types\/page"}],"author":[{"embeddable":true,"href":"https:\/\/wydawnictwocma.pl\/index.php\/wp-json\/wp\/v2\/users\/1"}],"replies":[{"embeddable":true,"href":"https:\/\/wydawnictwocma.pl\/index.php\/wp-json\/wp\/v2\/comments?post=80"}],"version-history":[{"count":11,"href":"https:\/\/wydawnictwocma.pl\/index.php\/wp-json\/wp\/v2\/pages\/80\/revisions"}],"predecessor-version":[{"id":279,"href":"https:\/\/wydawnictwocma.pl\/index.php\/wp-json\/wp\/v2\/pages\/80\/revisions\/279"}],"wp:attachment":[{"href":"https:\/\/wydawnictwocma.pl\/index.php\/wp-json\/wp\/v2\/media?parent=80"}],"curies":[{"name":"wp","href":"https:\/\/api.w.org\/{rel}","templated":true}]}}