{"id":77,"date":"2025-07-24T18:46:16","date_gmt":"2025-07-24T18:46:16","guid":{"rendered":"http:\/\/wydawnictwocma.pl\/?page_id=77"},"modified":"2025-09-15T17:48:29","modified_gmt":"2025-09-15T17:48:29","slug":"nasze-autorki","status":"publish","type":"page","link":"https:\/\/wydawnictwocma.pl\/index.php\/nasze-autorki\/","title":{"rendered":"Nasze autorki"},"content":{"rendered":"\t\t<div data-elementor-type=\"wp-page\" data-elementor-id=\"77\" class=\"elementor elementor-77\">\n\t\t\t\t<div class=\"elementor-element elementor-element-d06e07e e-flex e-con-boxed e-con e-parent\" data-id=\"d06e07e\" data-element_type=\"container\">\n\t\t\t\t\t<div class=\"e-con-inner\">\n\t\t\t\t<div class=\"elementor-element elementor-element-184b16d elementor-widget elementor-widget-heading\" data-id=\"184b16d\" data-element_type=\"widget\" data-widget_type=\"heading.default\">\n\t\t\t\t\t<h2 class=\"elementor-heading-title elementor-size-default\">Poznaj autorki Wydawnictwa \u0106ma<\/h2>\t\t\t\t<\/div>\n\t\t\t\t\t<\/div>\n\t\t\t\t<\/div>\n\t\t<div class=\"elementor-element elementor-element-9bbbd21 e-flex e-con-boxed e-con e-parent\" data-id=\"9bbbd21\" data-element_type=\"container\">\n\t\t\t\t\t<div class=\"e-con-inner\">\n\t\t<div class=\"elementor-element elementor-element-0f66643 e-con-full e-flex e-con e-child\" data-id=\"0f66643\" data-element_type=\"container\">\n\t\t\t\t<div class=\"elementor-element elementor-element-9af5875 elementor-widget elementor-widget-image\" data-id=\"9af5875\" data-element_type=\"widget\" data-widget_type=\"image.default\">\n\t\t\t\t\t\t\t\t\t\t\t\t\t\t\t<img fetchpriority=\"high\" decoding=\"async\" width=\"732\" height=\"1024\" src=\"https:\/\/wydawnictwocma.pl\/wp-content\/uploads\/2025\/09\/009_20230425_AlinaDuchnowska_ibezlogo-732x1024.jpg\" class=\"attachment-large size-large wp-image-213\" alt=\"\" srcset=\"https:\/\/wydawnictwocma.pl\/wp-content\/uploads\/2025\/09\/009_20230425_AlinaDuchnowska_ibezlogo-732x1024.jpg 732w, https:\/\/wydawnictwocma.pl\/wp-content\/uploads\/2025\/09\/009_20230425_AlinaDuchnowska_ibezlogo-214x300.jpg 214w, https:\/\/wydawnictwocma.pl\/wp-content\/uploads\/2025\/09\/009_20230425_AlinaDuchnowska_ibezlogo-768x1075.jpg 768w, https:\/\/wydawnictwocma.pl\/wp-content\/uploads\/2025\/09\/009_20230425_AlinaDuchnowska_ibezlogo-1097x1536.jpg 1097w, https:\/\/wydawnictwocma.pl\/wp-content\/uploads\/2025\/09\/009_20230425_AlinaDuchnowska_ibezlogo-600x840.jpg 600w, https:\/\/wydawnictwocma.pl\/wp-content\/uploads\/2025\/09\/009_20230425_AlinaDuchnowska_ibezlogo.jpg 1463w\" sizes=\"(max-width: 732px) 100vw, 732px\" \/>\t\t\t\t\t\t\t\t\t\t\t\t\t\t\t<\/div>\n\t\t\t\t<\/div>\n\t\t<div class=\"elementor-element elementor-element-4abe71b e-con-full e-flex e-con e-child\" data-id=\"4abe71b\" data-element_type=\"container\">\n\t\t\t\t<div class=\"elementor-element elementor-element-91c3b81 elementor-widget elementor-widget-text-editor\" data-id=\"91c3b81\" data-element_type=\"widget\" data-widget_type=\"text-editor.default\">\n\t\t\t\t\t\t\t\t\t<p><strong>Alina Duchnowska &#8211;\u00a0 urodzona w<\/strong> 1988 r., pisarka powie\u015bci fantasy. Uwielbia pisa\u0107 o magii i mi\u0142o\u015bci, jednak nie stroni tak\u017ce od poruszania w ksi\u0105\u017ckach trudnych temat\u00f3w. Ci\u0105gle liczy, \u017ce wreszcie uda si\u0119 jej napisa\u0107 ksi\u0105\u017ck\u0119, kt\u00f3ra nie straumatyzuje czytelnik\u00f3w &#8211; na razie bez skutku. Prywatnie kocia matka zaanga\u017cowana w pomoc bezdomnym i opuszczonym kotom. Jej dom to kocio-ludzki chaos. Nie potrafi sprz\u0105ta\u0107, ale potrafi kocha\u0107 i leczy\u0107 skrzywdzone zwierzaki. W nieistniej\u0105cych wolnych chwilach dzierga na szyde\u0142ku laleczki swoich bohater\u00f3w.<\/p><p>Ksi\u0105\u017cki:<\/p><p>cykl Klan Smoka<\/p><ul><li>&#8222;Bariera&#8221;, tom 1, 2022 r.<\/li><li>&#8222;Iluzje&#8221;, tom 2, 2023 r.<\/li><li>&#8222;Bestia&#8221;, tom 3, 2024 r.<\/li><li>&#8222;Krew Otore&#8221;, tom4, 2025 r.<\/li><li>tom 5 w przygotowaniu<\/li><\/ul><p>&#8222;Wilcze szepty&#8221;, 2023 r.<\/p><p>&#8222;Zwi\u0105zani kl\u0105tw\u0105&#8221;, 2025 r.<\/p><p>\u00a0<\/p>\t\t\t\t\t\t\t\t<\/div>\n\t\t\t\t<\/div>\n\t\t\t\t\t<\/div>\n\t\t\t\t<\/div>\n\t\t\t\t<\/div>\n\t\t","protected":false},"excerpt":{"rendered":"<p>Poznaj autorki Wydawnictwa \u0106ma Alina Duchnowska &#8211;\u00a0 urodzona w 1988 r., pisarka powie\u015bci fantasy. Uwielbia pisa\u0107 o magii i mi\u0142o\u015bci, [&hellip;]<\/p>\n","protected":false},"author":1,"featured_media":0,"parent":0,"menu_order":0,"comment_status":"closed","ping_status":"closed","template":"","meta":{"site-sidebar-layout":"no-sidebar","site-content-layout":"","ast-site-content-layout":"full-width-container","site-content-style":"default","site-sidebar-style":"default","ast-global-header-display":"","ast-banner-title-visibility":"","ast-main-header-display":"","ast-hfb-above-header-display":"","ast-hfb-below-header-display":"","ast-hfb-mobile-header-display":"","site-post-title":"disabled","ast-breadcrumbs-content":"","ast-featured-img":"disabled","footer-sml-layout":"","theme-transparent-header-meta":"","adv-header-id-meta":"","stick-header-meta":"","header-above-stick-meta":"","header-main-stick-meta":"","header-below-stick-meta":"","astra-migrate-meta-layouts":"default","ast-page-background-enabled":"default","ast-page-background-meta":{"desktop":{"background-color":"var(--ast-global-color-5)","background-image":"","background-repeat":"repeat","background-position":"center center","background-size":"auto","background-attachment":"scroll","background-type":"","background-media":"","overlay-type":"","overlay-color":"","overlay-opacity":"","overlay-gradient":""},"tablet":{"background-color":"","background-image":"","background-repeat":"repeat","background-position":"center center","background-size":"auto","background-attachment":"scroll","background-type":"","background-media":"","overlay-type":"","overlay-color":"","overlay-opacity":"","overlay-gradient":""},"mobile":{"background-color":"","background-image":"","background-repeat":"repeat","background-position":"center center","background-size":"auto","background-attachment":"scroll","background-type":"","background-media":"","overlay-type":"","overlay-color":"","overlay-opacity":"","overlay-gradient":""}},"ast-content-background-meta":{"desktop":{"background-color":"var(--ast-global-color-4)","background-image":"","background-repeat":"repeat","background-position":"center center","background-size":"auto","background-attachment":"scroll","background-type":"","background-media":"","overlay-type":"","overlay-color":"","overlay-opacity":"","overlay-gradient":""},"tablet":{"background-color":"var(--ast-global-color-4)","background-image":"","background-repeat":"repeat","background-position":"center center","background-size":"auto","background-attachment":"scroll","background-type":"","background-media":"","overlay-type":"","overlay-color":"","overlay-opacity":"","overlay-gradient":""},"mobile":{"background-color":"var(--ast-global-color-4)","background-image":"","background-repeat":"repeat","background-position":"center center","background-size":"auto","background-attachment":"scroll","background-type":"","background-media":"","overlay-type":"","overlay-color":"","overlay-opacity":"","overlay-gradient":""}},"footnotes":""},"class_list":["post-77","page","type-page","status-publish","hentry"],"yoast_head":"<!-- This site is optimized with the Yoast SEO plugin v26.6 - https:\/\/yoast.com\/wordpress\/plugins\/seo\/ -->\n<title>Nasze autorki - Wydawnictwo \u0106ma<\/title>\n<meta name=\"description\" content=\"Poznaj autorki Wydawnictwa \u0106ma. To one tworz\u0105 dla was niezapomniane, poruszaj\u0105ce historie.\" \/>\n<meta name=\"robots\" content=\"index, follow, max-snippet:-1, max-image-preview:large, max-video-preview:-1\" \/>\n<link rel=\"canonical\" href=\"https:\/\/wydawnictwocma.pl\/index.php\/nasze-autorki\/\" \/>\n<meta property=\"og:locale\" content=\"pl_PL\" \/>\n<meta property=\"og:type\" content=\"article\" \/>\n<meta property=\"og:title\" content=\"Nasze autorki - Wydawnictwo \u0106ma\" \/>\n<meta property=\"og:description\" content=\"Poznaj autorki Wydawnictwa \u0106ma. To one tworz\u0105 dla was niezapomniane, poruszaj\u0105ce historie.\" \/>\n<meta property=\"og:url\" content=\"https:\/\/wydawnictwocma.pl\/index.php\/nasze-autorki\/\" \/>\n<meta property=\"og:site_name\" content=\"Wydawnictwo \u0106ma\" \/>\n<meta property=\"article:modified_time\" content=\"2025-09-15T17:48:29+00:00\" \/>\n<meta property=\"og:image\" content=\"https:\/\/wydawnictwocma.pl\/wp-content\/uploads\/2025\/09\/009_20230425_AlinaDuchnowska_ibezlogo.jpg\" \/>\n\t<meta property=\"og:image:width\" content=\"1463\" \/>\n\t<meta property=\"og:image:height\" content=\"2048\" \/>\n\t<meta property=\"og:image:type\" content=\"image\/jpeg\" \/>\n<meta name=\"twitter:card\" content=\"summary_large_image\" \/>\n<meta name=\"twitter:label1\" content=\"Szacowany czas czytania\" \/>\n\t<meta name=\"twitter:data1\" content=\"1 minuta\" \/>\n<script type=\"application\/ld+json\" class=\"yoast-schema-graph\">{\"@context\":\"https:\/\/schema.org\",\"@graph\":[{\"@type\":\"WebPage\",\"@id\":\"https:\/\/wydawnictwocma.pl\/index.php\/nasze-autorki\/\",\"url\":\"https:\/\/wydawnictwocma.pl\/index.php\/nasze-autorki\/\",\"name\":\"Nasze autorki - Wydawnictwo \u0106ma\",\"isPartOf\":{\"@id\":\"https:\/\/wydawnictwocma.pl\/#website\"},\"primaryImageOfPage\":{\"@id\":\"https:\/\/wydawnictwocma.pl\/index.php\/nasze-autorki\/#primaryimage\"},\"image\":{\"@id\":\"https:\/\/wydawnictwocma.pl\/index.php\/nasze-autorki\/#primaryimage\"},\"thumbnailUrl\":\"http:\/\/wydawnictwocma.pl\/wp-content\/uploads\/2025\/09\/009_20230425_AlinaDuchnowska_ibezlogo-732x1024.jpg\",\"datePublished\":\"2025-07-24T18:46:16+00:00\",\"dateModified\":\"2025-09-15T17:48:29+00:00\",\"description\":\"Poznaj autorki Wydawnictwa \u0106ma. To one tworz\u0105 dla was niezapomniane, poruszaj\u0105ce historie.\",\"breadcrumb\":{\"@id\":\"https:\/\/wydawnictwocma.pl\/index.php\/nasze-autorki\/#breadcrumb\"},\"inLanguage\":\"pl-PL\",\"potentialAction\":[{\"@type\":\"ReadAction\",\"target\":[\"https:\/\/wydawnictwocma.pl\/index.php\/nasze-autorki\/\"]}]},{\"@type\":\"ImageObject\",\"inLanguage\":\"pl-PL\",\"@id\":\"https:\/\/wydawnictwocma.pl\/index.php\/nasze-autorki\/#primaryimage\",\"url\":\"https:\/\/wydawnictwocma.pl\/wp-content\/uploads\/2025\/09\/009_20230425_AlinaDuchnowska_ibezlogo.jpg\",\"contentUrl\":\"https:\/\/wydawnictwocma.pl\/wp-content\/uploads\/2025\/09\/009_20230425_AlinaDuchnowska_ibezlogo.jpg\",\"width\":1463,\"height\":2048},{\"@type\":\"BreadcrumbList\",\"@id\":\"https:\/\/wydawnictwocma.pl\/index.php\/nasze-autorki\/#breadcrumb\",\"itemListElement\":[{\"@type\":\"ListItem\",\"position\":1,\"name\":\"Home\",\"item\":\"https:\/\/wydawnictwocma.pl\/\"},{\"@type\":\"ListItem\",\"position\":2,\"name\":\"Nasze autorki\"}]},{\"@type\":\"WebSite\",\"@id\":\"https:\/\/wydawnictwocma.pl\/#website\",\"url\":\"https:\/\/wydawnictwocma.pl\/\",\"name\":\"Wydawnictwo \u0106ma\",\"description\":\"\",\"publisher\":{\"@id\":\"https:\/\/wydawnictwocma.pl\/#organization\"},\"potentialAction\":[{\"@type\":\"SearchAction\",\"target\":{\"@type\":\"EntryPoint\",\"urlTemplate\":\"https:\/\/wydawnictwocma.pl\/?s={search_term_string}\"},\"query-input\":{\"@type\":\"PropertyValueSpecification\",\"valueRequired\":true,\"valueName\":\"search_term_string\"}}],\"inLanguage\":\"pl-PL\"},{\"@type\":\"Organization\",\"@id\":\"https:\/\/wydawnictwocma.pl\/#organization\",\"name\":\"Wydawnictwo \u0106ma\",\"url\":\"https:\/\/wydawnictwocma.pl\/\",\"logo\":{\"@type\":\"ImageObject\",\"inLanguage\":\"pl-PL\",\"@id\":\"https:\/\/wydawnictwocma.pl\/#\/schema\/logo\/image\/\",\"url\":\"https:\/\/wydawnictwocma.pl\/wp-content\/uploads\/2025\/07\/cropped-Projekt-bez-nazwy-8.jpg\",\"contentUrl\":\"https:\/\/wydawnictwocma.pl\/wp-content\/uploads\/2025\/07\/cropped-Projekt-bez-nazwy-8.jpg\",\"width\":100,\"height\":100,\"caption\":\"Wydawnictwo \u0106ma\"},\"image\":{\"@id\":\"https:\/\/wydawnictwocma.pl\/#\/schema\/logo\/image\/\"}}]}<\/script>\n<!-- \/ Yoast SEO plugin. -->","yoast_head_json":{"title":"Nasze autorki - Wydawnictwo \u0106ma","description":"Poznaj autorki Wydawnictwa \u0106ma. To one tworz\u0105 dla was niezapomniane, poruszaj\u0105ce historie.","robots":{"index":"index","follow":"follow","max-snippet":"max-snippet:-1","max-image-preview":"max-image-preview:large","max-video-preview":"max-video-preview:-1"},"canonical":"https:\/\/wydawnictwocma.pl\/index.php\/nasze-autorki\/","og_locale":"pl_PL","og_type":"article","og_title":"Nasze autorki - Wydawnictwo \u0106ma","og_description":"Poznaj autorki Wydawnictwa \u0106ma. To one tworz\u0105 dla was niezapomniane, poruszaj\u0105ce historie.","og_url":"https:\/\/wydawnictwocma.pl\/index.php\/nasze-autorki\/","og_site_name":"Wydawnictwo \u0106ma","article_modified_time":"2025-09-15T17:48:29+00:00","og_image":[{"width":1463,"height":2048,"url":"https:\/\/wydawnictwocma.pl\/wp-content\/uploads\/2025\/09\/009_20230425_AlinaDuchnowska_ibezlogo.jpg","type":"image\/jpeg"}],"twitter_card":"summary_large_image","twitter_misc":{"Szacowany czas czytania":"1 minuta"},"schema":{"@context":"https:\/\/schema.org","@graph":[{"@type":"WebPage","@id":"https:\/\/wydawnictwocma.pl\/index.php\/nasze-autorki\/","url":"https:\/\/wydawnictwocma.pl\/index.php\/nasze-autorki\/","name":"Nasze autorki - Wydawnictwo \u0106ma","isPartOf":{"@id":"https:\/\/wydawnictwocma.pl\/#website"},"primaryImageOfPage":{"@id":"https:\/\/wydawnictwocma.pl\/index.php\/nasze-autorki\/#primaryimage"},"image":{"@id":"https:\/\/wydawnictwocma.pl\/index.php\/nasze-autorki\/#primaryimage"},"thumbnailUrl":"http:\/\/wydawnictwocma.pl\/wp-content\/uploads\/2025\/09\/009_20230425_AlinaDuchnowska_ibezlogo-732x1024.jpg","datePublished":"2025-07-24T18:46:16+00:00","dateModified":"2025-09-15T17:48:29+00:00","description":"Poznaj autorki Wydawnictwa \u0106ma. To one tworz\u0105 dla was niezapomniane, poruszaj\u0105ce historie.","breadcrumb":{"@id":"https:\/\/wydawnictwocma.pl\/index.php\/nasze-autorki\/#breadcrumb"},"inLanguage":"pl-PL","potentialAction":[{"@type":"ReadAction","target":["https:\/\/wydawnictwocma.pl\/index.php\/nasze-autorki\/"]}]},{"@type":"ImageObject","inLanguage":"pl-PL","@id":"https:\/\/wydawnictwocma.pl\/index.php\/nasze-autorki\/#primaryimage","url":"https:\/\/wydawnictwocma.pl\/wp-content\/uploads\/2025\/09\/009_20230425_AlinaDuchnowska_ibezlogo.jpg","contentUrl":"https:\/\/wydawnictwocma.pl\/wp-content\/uploads\/2025\/09\/009_20230425_AlinaDuchnowska_ibezlogo.jpg","width":1463,"height":2048},{"@type":"BreadcrumbList","@id":"https:\/\/wydawnictwocma.pl\/index.php\/nasze-autorki\/#breadcrumb","itemListElement":[{"@type":"ListItem","position":1,"name":"Home","item":"https:\/\/wydawnictwocma.pl\/"},{"@type":"ListItem","position":2,"name":"Nasze autorki"}]},{"@type":"WebSite","@id":"https:\/\/wydawnictwocma.pl\/#website","url":"https:\/\/wydawnictwocma.pl\/","name":"Wydawnictwo \u0106ma","description":"","publisher":{"@id":"https:\/\/wydawnictwocma.pl\/#organization"},"potentialAction":[{"@type":"SearchAction","target":{"@type":"EntryPoint","urlTemplate":"https:\/\/wydawnictwocma.pl\/?s={search_term_string}"},"query-input":{"@type":"PropertyValueSpecification","valueRequired":true,"valueName":"search_term_string"}}],"inLanguage":"pl-PL"},{"@type":"Organization","@id":"https:\/\/wydawnictwocma.pl\/#organization","name":"Wydawnictwo \u0106ma","url":"https:\/\/wydawnictwocma.pl\/","logo":{"@type":"ImageObject","inLanguage":"pl-PL","@id":"https:\/\/wydawnictwocma.pl\/#\/schema\/logo\/image\/","url":"https:\/\/wydawnictwocma.pl\/wp-content\/uploads\/2025\/07\/cropped-Projekt-bez-nazwy-8.jpg","contentUrl":"https:\/\/wydawnictwocma.pl\/wp-content\/uploads\/2025\/07\/cropped-Projekt-bez-nazwy-8.jpg","width":100,"height":100,"caption":"Wydawnictwo \u0106ma"},"image":{"@id":"https:\/\/wydawnictwocma.pl\/#\/schema\/logo\/image\/"}}]}},"jetpack_sharing_enabled":true,"_links":{"self":[{"href":"https:\/\/wydawnictwocma.pl\/index.php\/wp-json\/wp\/v2\/pages\/77","targetHints":{"allow":["GET"]}}],"collection":[{"href":"https:\/\/wydawnictwocma.pl\/index.php\/wp-json\/wp\/v2\/pages"}],"about":[{"href":"https:\/\/wydawnictwocma.pl\/index.php\/wp-json\/wp\/v2\/types\/page"}],"author":[{"embeddable":true,"href":"https:\/\/wydawnictwocma.pl\/index.php\/wp-json\/wp\/v2\/users\/1"}],"replies":[{"embeddable":true,"href":"https:\/\/wydawnictwocma.pl\/index.php\/wp-json\/wp\/v2\/comments?post=77"}],"version-history":[{"count":7,"href":"https:\/\/wydawnictwocma.pl\/index.php\/wp-json\/wp\/v2\/pages\/77\/revisions"}],"predecessor-version":[{"id":217,"href":"https:\/\/wydawnictwocma.pl\/index.php\/wp-json\/wp\/v2\/pages\/77\/revisions\/217"}],"wp:attachment":[{"href":"https:\/\/wydawnictwocma.pl\/index.php\/wp-json\/wp\/v2\/media?parent=77"}],"curies":[{"name":"wp","href":"https:\/\/api.w.org\/{rel}","templated":true}]}}