{"id":125,"date":"2025-07-24T18:50:22","date_gmt":"2025-07-24T18:50:22","guid":{"rendered":"http:\/\/wydawnictwocma.pl\/?page_id=125"},"modified":"2025-07-24T18:59:49","modified_gmt":"2025-07-24T18:59:49","slug":"kontakt","status":"publish","type":"page","link":"https:\/\/wydawnictwocma.pl\/index.php\/kontakt\/","title":{"rendered":"Kontakt"},"content":{"rendered":"\t\t<div data-elementor-type=\"wp-page\" data-elementor-id=\"125\" class=\"elementor elementor-125\">\n\t\t\t\t<div class=\"elementor-element elementor-element-6a752ba e-flex e-con-boxed e-con e-parent\" data-id=\"6a752ba\" data-element_type=\"container\">\n\t\t\t\t\t<div class=\"e-con-inner\">\n\t\t<div class=\"elementor-element elementor-element-fddcb31 e-con-full e-flex e-con e-child\" data-id=\"fddcb31\" data-element_type=\"container\">\n\t\t\t\t<div class=\"elementor-element elementor-element-54e8460 elementor-widget elementor-widget-image\" data-id=\"54e8460\" data-element_type=\"widget\" data-widget_type=\"image.default\">\n\t\t\t\t\t\t\t\t\t\t\t\t\t\t\t<img fetchpriority=\"high\" decoding=\"async\" width=\"500\" height=\"500\" src=\"https:\/\/wydawnictwocma.pl\/wp-content\/uploads\/2025\/07\/Cma-logo.png\" class=\"attachment-large size-large wp-image-103\" alt=\"logo wydawnictwa \u0107ma\" srcset=\"https:\/\/wydawnictwocma.pl\/wp-content\/uploads\/2025\/07\/Cma-logo.png 500w, https:\/\/wydawnictwocma.pl\/wp-content\/uploads\/2025\/07\/Cma-logo-300x300.png 300w, https:\/\/wydawnictwocma.pl\/wp-content\/uploads\/2025\/07\/Cma-logo-150x150.png 150w, https:\/\/wydawnictwocma.pl\/wp-content\/uploads\/2025\/07\/Cma-logo-100x100.png 100w\" sizes=\"(max-width: 500px) 100vw, 500px\" \/>\t\t\t\t\t\t\t\t\t\t\t\t\t\t\t<\/div>\n\t\t\t\t<\/div>\n\t\t<div class=\"elementor-element elementor-element-bd73c65 e-con-full e-flex e-con e-child\" data-id=\"bd73c65\" data-element_type=\"container\">\n\t\t\t\t<div class=\"elementor-element elementor-element-c56422e elementor-widget elementor-widget-wpforms\" data-id=\"c56422e\" data-element_type=\"widget\" data-widget_type=\"wpforms.default\">\n\t\t\t\t<div class=\"elementor-widget-container\">\n\t\t\t\t\t<style id=\"wpforms-css-vars-elementor-widget-c56422e\">\n\t\t\t\t.elementor-widget-wpforms.elementor-element-c56422e {\n\t\t\t\t--wpforms-field-text-color: #060505;\n\t\t\t}\n\t\t\t<\/style><div class=\"wpforms-container wpforms-container-full wpforms-render-modern\" id=\"wpforms-128\"><form id=\"wpforms-form-128\" class=\"wpforms-validate wpforms-form wpforms-ajax-form\" data-formid=\"128\" method=\"post\" enctype=\"multipart\/form-data\" action=\"\/index.php\/wp-json\/wp\/v2\/pages\/125\" data-token=\"09fd28f730ce980a9a2d465040e983a7\" data-token-time=\"1775367764\"><noscript class=\"wpforms-error-noscript\">Aby wype\u0142ni\u0107 ten formularz, w\u0142\u0105cz obs\u0142ug\u0119 JavaScript w przegl\u0105darce.<\/noscript><div id=\"wpforms-error-noscript\" style=\"display: none;\">Aby wype\u0142ni\u0107 ten formularz, w\u0142\u0105cz obs\u0142ug\u0119 JavaScript w przegl\u0105darce.<\/div><div class=\"wpforms-field-container\"><div id=\"wpforms-128-field_1-container\" class=\"wpforms-field wpforms-field-name\" data-field-id=\"1\"><label class=\"wpforms-field-label\" for=\"wpforms-128-field_1\">Imi\u0119 i Nazwisko <span class=\"wpforms-required-label\" aria-hidden=\"true\">*<\/span><\/label><input type=\"text\" id=\"wpforms-128-field_1\" class=\"wpforms-field-medium wpforms-field-required\" name=\"wpforms[fields][1]\" aria-errormessage=\"wpforms-128-field_1-error\" required><\/div><div id=\"wpforms-128-field_2-container\" class=\"wpforms-field wpforms-field-email\" data-field-id=\"2\"><label class=\"wpforms-field-label\" for=\"wpforms-128-field_2\">Email <span class=\"wpforms-required-label\" aria-hidden=\"true\">*<\/span><\/label><input type=\"email\" id=\"wpforms-128-field_2\" class=\"wpforms-field-medium wpforms-field-required\" name=\"wpforms[fields][2]\" spellcheck=\"false\" aria-errormessage=\"wpforms-128-field_2-error\" required><\/div><div id=\"wpforms-128-field_3-container\" class=\"wpforms-field wpforms-field-textarea\" data-field-id=\"3\"><label class=\"wpforms-field-label\" for=\"wpforms-128-field_3\">Wiadomo\u015b\u0107 <span class=\"wpforms-required-label\" aria-hidden=\"true\">*<\/span><\/label><textarea id=\"wpforms-128-field_3\" class=\"wpforms-field-medium wpforms-field-required\" name=\"wpforms[fields][3]\" aria-errormessage=\"wpforms-128-field_3-error\" required><\/textarea><\/div>\t\t<div id=\"wpforms-128-field_5-container\"\n\t\t\tclass=\"wpforms-field wpforms-field-text\"\n\t\t\tdata-field-type=\"text\"\n\t\t\tdata-field-id=\"5\"\n\t\t\t>\n\t\t\t<label class=\"wpforms-field-label\" for=\"wpforms-128-field_5\" >Checkboxes Nazwisko Imi\u0119<\/label>\n\t\t\t<input type=\"text\" id=\"wpforms-128-field_5\" class=\"wpforms-field-medium\" name=\"wpforms[fields][5]\" >\n\t\t<\/div>\n\t\t<div id=\"wpforms-128-field_4-container\" class=\"wpforms-field wpforms-field-checkbox\" data-field-id=\"4\"><fieldset><legend class=\"wpforms-field-label\">Checkboxes <span class=\"wpforms-required-label\" aria-hidden=\"true\">*<\/span><\/legend><ul id=\"wpforms-128-field_4\" class=\"wpforms-field-required\"><li class=\"choice-1 depth-1\"><input type=\"checkbox\" id=\"wpforms-128-field_4_1\" name=\"wpforms[fields][4][]\" value=\"Wyra\u017cam zgod\u0119 na przetwarzanie moich danych osobowych przez Alina Gawry\u015b AD Creations w celu kontaktu i realizacji przes\u0142anego zg\u0142oszenia, zgodnie z Polityk\u0105 Prywatno\u015bci.\" aria-errormessage=\"wpforms-128-field_4_1-error\" required ><label class=\"wpforms-field-label-inline\" for=\"wpforms-128-field_4_1\">Wyra\u017cam zgod\u0119 na przetwarzanie moich danych osobowych przez Alina Gawry\u015b AD Creations w celu kontaktu i realizacji przes\u0142anego zg\u0142oszenia, zgodnie z Polityk\u0105 Prywatno\u015bci.<\/label><\/li><li class=\"choice-2 depth-1\"><input type=\"checkbox\" id=\"wpforms-128-field_4_2\" name=\"wpforms[fields][4][]\" value=\"O\u015bwiadczam, \u017ce zapozna\u0142em\/am si\u0119 z Polityk\u0105 Prywatno\u015bci i rozumiem zasady przetwarzania moich danych osobowych.\" aria-errormessage=\"wpforms-128-field_4_2-error\" required ><label class=\"wpforms-field-label-inline\" for=\"wpforms-128-field_4_2\">O\u015bwiadczam, \u017ce zapozna\u0142em\/am si\u0119 z Polityk\u0105 Prywatno\u015bci i rozumiem zasady przetwarzania moich danych osobowych.<\/label><\/li><\/ul><\/fieldset><\/div><script>\n\t\t\t\t( function() {\n\t\t\t\t\tconst style = document.createElement( 'style' );\n\t\t\t\t\tstyle.appendChild( document.createTextNode( '#wpforms-128-field_5-container { position: absolute !important; overflow: hidden !important; display: inline !important; height: 1px !important; width: 1px !important; z-index: -1000 !important; padding: 0 !important; } #wpforms-128-field_5-container input { visibility: hidden; } #wpforms-conversational-form-page #wpforms-128-field_5-container label { counter-increment: none; }' ) );\n\t\t\t\t\tdocument.head.appendChild( style );\n\t\t\t\t\tdocument.currentScript?.remove();\n\t\t\t\t} )();\n\t\t\t<\/script><\/div><!-- .wpforms-field-container --><div class=\"wpforms-submit-container\" ><input type=\"hidden\" name=\"wpforms[id]\" value=\"128\"><input type=\"hidden\" name=\"page_title\" value=\"\"><input type=\"hidden\" name=\"page_url\" value=\"https:\/\/wydawnictwocma.pl\/index.php\/wp-json\/wp\/v2\/pages\/125\"><input type=\"hidden\" name=\"url_referer\" value=\"\"><button type=\"submit\" name=\"wpforms[submit]\" id=\"wpforms-submit-128\" class=\"wpforms-submit\" data-alt-text=\"Sending...\" data-submit-text=\"Submit\" aria-live=\"assertive\" value=\"wpforms-submit\">Submit<\/button><img decoding=\"async\" src=\"https:\/\/wydawnictwocma.pl\/wp-content\/plugins\/wpforms-lite\/assets\/images\/submit-spin.svg\" class=\"wpforms-submit-spinner\" style=\"display: none;\" width=\"26\" height=\"26\" alt=\"Wczytywanie\"><\/div><\/form><\/div>  <!-- .wpforms-container -->\t\t\t\t<\/div>\n\t\t\t\t<\/div>\n\t\t\t\t<\/div>\n\t\t\t\t\t<\/div>\n\t\t\t\t<\/div>\n\t\t\t\t<\/div>\n\t\t","protected":false},"excerpt":{"rendered":"<p>Please enable JavaScript in your browser to complete this form.Please enable JavaScript in your browser to complete this form.Imi\u0119 i [&hellip;]<\/p>\n","protected":false},"author":1,"featured_media":0,"parent":0,"menu_order":0,"comment_status":"closed","ping_status":"closed","template":"","meta":{"site-sidebar-layout":"no-sidebar","site-content-layout":"","ast-site-content-layout":"full-width-container","site-content-style":"default","site-sidebar-style":"default","ast-global-header-display":"","ast-banner-title-visibility":"","ast-main-header-display":"","ast-hfb-above-header-display":"","ast-hfb-below-header-display":"","ast-hfb-mobile-header-display":"","site-post-title":"disabled","ast-breadcrumbs-content":"","ast-featured-img":"disabled","footer-sml-layout":"","theme-transparent-header-meta":"","adv-header-id-meta":"","stick-header-meta":"","header-above-stick-meta":"","header-main-stick-meta":"","header-below-stick-meta":"","astra-migrate-meta-layouts":"default","ast-page-background-enabled":"default","ast-page-background-meta":{"desktop":{"background-color":"var(--ast-global-color-5)","background-image":"","background-repeat":"repeat","background-position":"center center","background-size":"auto","background-attachment":"scroll","background-type":"","background-media":"","overlay-type":"","overlay-color":"","overlay-opacity":"","overlay-gradient":""},"tablet":{"background-color":"","background-image":"","background-repeat":"repeat","background-position":"center center","background-size":"auto","background-attachment":"scroll","background-type":"","background-media":"","overlay-type":"","overlay-color":"","overlay-opacity":"","overlay-gradient":""},"mobile":{"background-color":"","background-image":"","background-repeat":"repeat","background-position":"center center","background-size":"auto","background-attachment":"scroll","background-type":"","background-media":"","overlay-type":"","overlay-color":"","overlay-opacity":"","overlay-gradient":""}},"ast-content-background-meta":{"desktop":{"background-color":"var(--ast-global-color-4)","background-image":"","background-repeat":"repeat","background-position":"center center","background-size":"auto","background-attachment":"scroll","background-type":"","background-media":"","overlay-type":"","overlay-color":"","overlay-opacity":"","overlay-gradient":""},"tablet":{"background-color":"var(--ast-global-color-4)","background-image":"","background-repeat":"repeat","background-position":"center center","background-size":"auto","background-attachment":"scroll","background-type":"","background-media":"","overlay-type":"","overlay-color":"","overlay-opacity":"","overlay-gradient":""},"mobile":{"background-color":"var(--ast-global-color-4)","background-image":"","background-repeat":"repeat","background-position":"center center","background-size":"auto","background-attachment":"scroll","background-type":"","background-media":"","overlay-type":"","overlay-color":"","overlay-opacity":"","overlay-gradient":""}},"footnotes":""},"class_list":["post-125","page","type-page","status-publish","hentry"],"yoast_head":"<!-- This site is optimized with the Yoast SEO plugin v26.6 - https:\/\/yoast.com\/wordpress\/plugins\/seo\/ -->\n<title>Kontakt - Wydawnictwo \u0106ma<\/title>\n<meta name=\"description\" content=\"Chcesz si\u0119 z nami skontaktowa\u0107? Napisz w wiadomo\u015b\u0107 w formularzu, a odpowiemy najszybciej jak to mo\u017cliwe!\" \/>\n<meta name=\"robots\" content=\"index, follow, max-snippet:-1, max-image-preview:large, max-video-preview:-1\" \/>\n<link rel=\"canonical\" href=\"https:\/\/wydawnictwocma.pl\/index.php\/kontakt\/\" \/>\n<meta property=\"og:locale\" content=\"pl_PL\" \/>\n<meta property=\"og:type\" content=\"article\" \/>\n<meta property=\"og:title\" content=\"Kontakt - Wydawnictwo \u0106ma\" \/>\n<meta property=\"og:description\" content=\"Chcesz si\u0119 z nami skontaktowa\u0107? Napisz w wiadomo\u015b\u0107 w formularzu, a odpowiemy najszybciej jak to mo\u017cliwe!\" \/>\n<meta property=\"og:url\" content=\"https:\/\/wydawnictwocma.pl\/index.php\/kontakt\/\" \/>\n<meta property=\"og:site_name\" content=\"Wydawnictwo \u0106ma\" \/>\n<meta property=\"article:modified_time\" content=\"2025-07-24T18:59:49+00:00\" \/>\n<meta property=\"og:image\" content=\"http:\/\/wydawnictwocma.pl\/wp-content\/uploads\/2025\/07\/Cma-logo.png\" \/>\n<meta name=\"twitter:card\" content=\"summary_large_image\" \/>\n<meta name=\"twitter:label1\" content=\"Szacowany czas czytania\" \/>\n\t<meta name=\"twitter:data1\" content=\"1 minuta\" \/>\n<script type=\"application\/ld+json\" class=\"yoast-schema-graph\">{\"@context\":\"https:\/\/schema.org\",\"@graph\":[{\"@type\":\"WebPage\",\"@id\":\"https:\/\/wydawnictwocma.pl\/index.php\/kontakt\/\",\"url\":\"https:\/\/wydawnictwocma.pl\/index.php\/kontakt\/\",\"name\":\"Kontakt - Wydawnictwo \u0106ma\",\"isPartOf\":{\"@id\":\"https:\/\/wydawnictwocma.pl\/#website\"},\"primaryImageOfPage\":{\"@id\":\"https:\/\/wydawnictwocma.pl\/index.php\/kontakt\/#primaryimage\"},\"image\":{\"@id\":\"https:\/\/wydawnictwocma.pl\/index.php\/kontakt\/#primaryimage\"},\"thumbnailUrl\":\"http:\/\/wydawnictwocma.pl\/wp-content\/uploads\/2025\/07\/Cma-logo.png\",\"datePublished\":\"2025-07-24T18:50:22+00:00\",\"dateModified\":\"2025-07-24T18:59:49+00:00\",\"description\":\"Chcesz si\u0119 z nami skontaktowa\u0107? Napisz w wiadomo\u015b\u0107 w formularzu, a odpowiemy najszybciej jak to mo\u017cliwe!\",\"breadcrumb\":{\"@id\":\"https:\/\/wydawnictwocma.pl\/index.php\/kontakt\/#breadcrumb\"},\"inLanguage\":\"pl-PL\",\"potentialAction\":[{\"@type\":\"ReadAction\",\"target\":[\"https:\/\/wydawnictwocma.pl\/index.php\/kontakt\/\"]}]},{\"@type\":\"ImageObject\",\"inLanguage\":\"pl-PL\",\"@id\":\"https:\/\/wydawnictwocma.pl\/index.php\/kontakt\/#primaryimage\",\"url\":\"https:\/\/wydawnictwocma.pl\/wp-content\/uploads\/2025\/07\/Cma-logo.png\",\"contentUrl\":\"https:\/\/wydawnictwocma.pl\/wp-content\/uploads\/2025\/07\/Cma-logo.png\",\"width\":500,\"height\":500,\"caption\":\"logo wydawnictwa \u0107ma\"},{\"@type\":\"BreadcrumbList\",\"@id\":\"https:\/\/wydawnictwocma.pl\/index.php\/kontakt\/#breadcrumb\",\"itemListElement\":[{\"@type\":\"ListItem\",\"position\":1,\"name\":\"Home\",\"item\":\"https:\/\/wydawnictwocma.pl\/\"},{\"@type\":\"ListItem\",\"position\":2,\"name\":\"Kontakt\"}]},{\"@type\":\"WebSite\",\"@id\":\"https:\/\/wydawnictwocma.pl\/#website\",\"url\":\"https:\/\/wydawnictwocma.pl\/\",\"name\":\"Wydawnictwo \u0106ma\",\"description\":\"\",\"publisher\":{\"@id\":\"https:\/\/wydawnictwocma.pl\/#organization\"},\"potentialAction\":[{\"@type\":\"SearchAction\",\"target\":{\"@type\":\"EntryPoint\",\"urlTemplate\":\"https:\/\/wydawnictwocma.pl\/?s={search_term_string}\"},\"query-input\":{\"@type\":\"PropertyValueSpecification\",\"valueRequired\":true,\"valueName\":\"search_term_string\"}}],\"inLanguage\":\"pl-PL\"},{\"@type\":\"Organization\",\"@id\":\"https:\/\/wydawnictwocma.pl\/#organization\",\"name\":\"Wydawnictwo \u0106ma\",\"url\":\"https:\/\/wydawnictwocma.pl\/\",\"logo\":{\"@type\":\"ImageObject\",\"inLanguage\":\"pl-PL\",\"@id\":\"https:\/\/wydawnictwocma.pl\/#\/schema\/logo\/image\/\",\"url\":\"https:\/\/wydawnictwocma.pl\/wp-content\/uploads\/2025\/07\/cropped-Projekt-bez-nazwy-8.jpg\",\"contentUrl\":\"https:\/\/wydawnictwocma.pl\/wp-content\/uploads\/2025\/07\/cropped-Projekt-bez-nazwy-8.jpg\",\"width\":100,\"height\":100,\"caption\":\"Wydawnictwo \u0106ma\"},\"image\":{\"@id\":\"https:\/\/wydawnictwocma.pl\/#\/schema\/logo\/image\/\"}}]}<\/script>\n<!-- \/ Yoast SEO plugin. -->","yoast_head_json":{"title":"Kontakt - Wydawnictwo \u0106ma","description":"Chcesz si\u0119 z nami skontaktowa\u0107? Napisz w wiadomo\u015b\u0107 w formularzu, a odpowiemy najszybciej jak to mo\u017cliwe!","robots":{"index":"index","follow":"follow","max-snippet":"max-snippet:-1","max-image-preview":"max-image-preview:large","max-video-preview":"max-video-preview:-1"},"canonical":"https:\/\/wydawnictwocma.pl\/index.php\/kontakt\/","og_locale":"pl_PL","og_type":"article","og_title":"Kontakt - Wydawnictwo \u0106ma","og_description":"Chcesz si\u0119 z nami skontaktowa\u0107? Napisz w wiadomo\u015b\u0107 w formularzu, a odpowiemy najszybciej jak to mo\u017cliwe!","og_url":"https:\/\/wydawnictwocma.pl\/index.php\/kontakt\/","og_site_name":"Wydawnictwo \u0106ma","article_modified_time":"2025-07-24T18:59:49+00:00","og_image":[{"url":"http:\/\/wydawnictwocma.pl\/wp-content\/uploads\/2025\/07\/Cma-logo.png","type":"","width":"","height":""}],"twitter_card":"summary_large_image","twitter_misc":{"Szacowany czas czytania":"1 minuta"},"schema":{"@context":"https:\/\/schema.org","@graph":[{"@type":"WebPage","@id":"https:\/\/wydawnictwocma.pl\/index.php\/kontakt\/","url":"https:\/\/wydawnictwocma.pl\/index.php\/kontakt\/","name":"Kontakt - Wydawnictwo \u0106ma","isPartOf":{"@id":"https:\/\/wydawnictwocma.pl\/#website"},"primaryImageOfPage":{"@id":"https:\/\/wydawnictwocma.pl\/index.php\/kontakt\/#primaryimage"},"image":{"@id":"https:\/\/wydawnictwocma.pl\/index.php\/kontakt\/#primaryimage"},"thumbnailUrl":"http:\/\/wydawnictwocma.pl\/wp-content\/uploads\/2025\/07\/Cma-logo.png","datePublished":"2025-07-24T18:50:22+00:00","dateModified":"2025-07-24T18:59:49+00:00","description":"Chcesz si\u0119 z nami skontaktowa\u0107? Napisz w wiadomo\u015b\u0107 w formularzu, a odpowiemy najszybciej jak to mo\u017cliwe!","breadcrumb":{"@id":"https:\/\/wydawnictwocma.pl\/index.php\/kontakt\/#breadcrumb"},"inLanguage":"pl-PL","potentialAction":[{"@type":"ReadAction","target":["https:\/\/wydawnictwocma.pl\/index.php\/kontakt\/"]}]},{"@type":"ImageObject","inLanguage":"pl-PL","@id":"https:\/\/wydawnictwocma.pl\/index.php\/kontakt\/#primaryimage","url":"https:\/\/wydawnictwocma.pl\/wp-content\/uploads\/2025\/07\/Cma-logo.png","contentUrl":"https:\/\/wydawnictwocma.pl\/wp-content\/uploads\/2025\/07\/Cma-logo.png","width":500,"height":500,"caption":"logo wydawnictwa \u0107ma"},{"@type":"BreadcrumbList","@id":"https:\/\/wydawnictwocma.pl\/index.php\/kontakt\/#breadcrumb","itemListElement":[{"@type":"ListItem","position":1,"name":"Home","item":"https:\/\/wydawnictwocma.pl\/"},{"@type":"ListItem","position":2,"name":"Kontakt"}]},{"@type":"WebSite","@id":"https:\/\/wydawnictwocma.pl\/#website","url":"https:\/\/wydawnictwocma.pl\/","name":"Wydawnictwo \u0106ma","description":"","publisher":{"@id":"https:\/\/wydawnictwocma.pl\/#organization"},"potentialAction":[{"@type":"SearchAction","target":{"@type":"EntryPoint","urlTemplate":"https:\/\/wydawnictwocma.pl\/?s={search_term_string}"},"query-input":{"@type":"PropertyValueSpecification","valueRequired":true,"valueName":"search_term_string"}}],"inLanguage":"pl-PL"},{"@type":"Organization","@id":"https:\/\/wydawnictwocma.pl\/#organization","name":"Wydawnictwo \u0106ma","url":"https:\/\/wydawnictwocma.pl\/","logo":{"@type":"ImageObject","inLanguage":"pl-PL","@id":"https:\/\/wydawnictwocma.pl\/#\/schema\/logo\/image\/","url":"https:\/\/wydawnictwocma.pl\/wp-content\/uploads\/2025\/07\/cropped-Projekt-bez-nazwy-8.jpg","contentUrl":"https:\/\/wydawnictwocma.pl\/wp-content\/uploads\/2025\/07\/cropped-Projekt-bez-nazwy-8.jpg","width":100,"height":100,"caption":"Wydawnictwo \u0106ma"},"image":{"@id":"https:\/\/wydawnictwocma.pl\/#\/schema\/logo\/image\/"}}]}},"jetpack_sharing_enabled":true,"_links":{"self":[{"href":"https:\/\/wydawnictwocma.pl\/index.php\/wp-json\/wp\/v2\/pages\/125","targetHints":{"allow":["GET"]}}],"collection":[{"href":"https:\/\/wydawnictwocma.pl\/index.php\/wp-json\/wp\/v2\/pages"}],"about":[{"href":"https:\/\/wydawnictwocma.pl\/index.php\/wp-json\/wp\/v2\/types\/page"}],"author":[{"embeddable":true,"href":"https:\/\/wydawnictwocma.pl\/index.php\/wp-json\/wp\/v2\/users\/1"}],"replies":[{"embeddable":true,"href":"https:\/\/wydawnictwocma.pl\/index.php\/wp-json\/wp\/v2\/comments?post=125"}],"version-history":[{"count":4,"href":"https:\/\/wydawnictwocma.pl\/index.php\/wp-json\/wp\/v2\/pages\/125\/revisions"}],"predecessor-version":[{"id":134,"href":"https:\/\/wydawnictwocma.pl\/index.php\/wp-json\/wp\/v2\/pages\/125\/revisions\/134"}],"wp:attachment":[{"href":"https:\/\/wydawnictwocma.pl\/index.php\/wp-json\/wp\/v2\/media?parent=125"}],"curies":[{"name":"wp","href":"https:\/\/api.w.org\/{rel}","templated":true}]}}